{"id":672,"date":"2020-02-03T09:20:48","date_gmt":"2020-02-03T08:20:48","guid":{"rendered":"http:\/\/confluencedesdroits-larevue.com\/?page_id=672"},"modified":"2025-06-10T09:11:02","modified_gmt":"2025-06-10T07:11:02","slug":"proposer-une-contribution","status":"publish","type":"page","link":"https:\/\/confluencedesdroits-larevue.com\/?page_id=672","title":{"rendered":"Proposer une contribution"},"content":{"rendered":"\n<p>Les contributions propos\u00e9es \u00e0 <strong>Confluence des droits_La revue<\/strong> font l\u2019objet d\u2019une \u00e9valuation en double aveugle.<\/p>\n\n\n\n<p class=\"has-background\" style=\"background-color:#d2eeff\"><br>Les contributions doivent \u00eatre envoy\u00e9es en <strong>deux fichiers<\/strong>&nbsp;: <br><br>&#8211; la contribution en format .<strong>doc, .docx ou .rtf<\/strong> accompagn\u00e9e d\u2019un r\u00e9sum\u00e9 et d\u2019une liste de 3 \u00e0 10 mots-cl\u00e9s, <strong>sans le nom de l\u2019auteur<\/strong> ; <br><br>&#8211; ainsi qu\u2019un fichier  en format .<strong>doc, .docx ou .rtf<\/strong> comprenant ces \u00e9l\u00e9ments, mais <strong>avec le nom de l\u2019auteur<\/strong>, son affiliation telle que demand\u00e9e par son institution d&rsquo;origine ainsi qu\u2019une courte biographie (2 \u00e0 3 lignes). <br><br>Les illustrations doivent \u00eatre envoy\u00e9es \u00e9galement dans un fichier s\u00e9par\u00e9, avec l&rsquo;intitul\u00e9 souhait\u00e9 et une qualit\u00e9 minimale de 600 dpi.                                                                                <\/p>\n\n\n\n<p class=\"has-text-align-center\"><strong>Confluence des droits_La revue n\u2019accepte que les contributions originales.<\/strong> <br><br>Pour proposer une contribution : <a href=\"mailto:contact@confluencedesdroits-larevue.com\">contact@confluencedesdroits-larevue.com<\/a><\/p>\n\n\n\n<p>Pour plus de d\u00e9tails :<\/p>\n\n\n\n<div class=\"wp-block-file\"><a id=\"wp-block-file--media-a36a8ab3-0e6e-46a5-b348-011df8888937\" href=\"https:\/\/confluencedesdroits-larevue.com\/wp-content\/uploads\/2025\/06\/Confluence_droits_LaRevue_consigne_auteurs2025.pdf\">Confluence_droits_LaRevue_consigne_auteurs2025<\/a><a href=\"https:\/\/confluencedesdroits-larevue.com\/wp-content\/uploads\/2025\/06\/Confluence_droits_LaRevue_consigne_auteurs2025.pdf\" class=\"wp-block-file__button wp-element-button\" download aria-describedby=\"wp-block-file--media-a36a8ab3-0e6e-46a5-b348-011df8888937\">T\u00e9l\u00e9charger<\/a><\/div>\n\n\n<a href=\"https:\/\/confluencedesdroits-larevue.com\/wp-content\/uploads\/2025\/06\/Confluence_droits_LaRevue_consigne_auteurs2025.pdf\" class=\"pdfemb-viewer\" style=\"\" data-width=\"max\" data-height=\"max\" data-toolbar=\"bottom\" data-toolbar-fixed=\"off\">Confluence_droits_LaRevue_consigne_auteurs2025<\/a>\n\n\n<div style=\"height:100px\" aria-hidden=\"true\" class=\"wp-block-spacer\"><\/div>\n\n\n\n<div class=\"wp-block-file\"><a id=\"wp-block-file--media-a36a8ab3-0e6e-46a5-b348-011df8888937\" href=\"https:\/\/confluencedesdroits-larevue.com\/wp-content\/uploads\/2023\/12\/Guidelines-for-authors-2023.pdf\">Guidelines for authors 2023<\/a><a href=\"https:\/\/confluencedesdroits-larevue.com\/wp-content\/uploads\/2023\/12\/Guidelines-for-authors-2023.pdf\" class=\"wp-block-file__button wp-element-button\" download aria-describedby=\"wp-block-file--media-a36a8ab3-0e6e-46a5-b348-011df8888937\">T\u00e9l\u00e9charger<\/a><\/div>\n\n\n<a href=\"https:\/\/confluencedesdroits-larevue.com\/wp-content\/uploads\/2023\/12\/Guidelines-for-authors-2023.pdf\" class=\"pdfemb-viewer\" style=\"\" data-width=\"max\" data-height=\"max\" data-toolbar=\"bottom\" data-toolbar-fixed=\"off\">Guidelines-for-authors-2023<\/a>","protected":false},"excerpt":{"rendered":"<p>Les contributions propos\u00e9es \u00e0 Confluence des droits_La revue font l\u2019objet d\u2019une \u00e9valuation en double aveugle. Les contributions doivent \u00eatre envoy\u00e9es en deux fichiers&nbsp;: &#8211; la contribution en format .doc, .docx ou .rtf accompagn\u00e9e d\u2019un r\u00e9sum\u00e9 et d\u2019une liste de 3 \u00e0 10 mots-cl\u00e9s, sans le nom de l\u2019auteur ; &#8211; ainsi qu\u2019un fichier en format [&hellip;]<\/p>\n","protected":false},"author":1,"featured_media":0,"parent":0,"menu_order":0,"comment_status":"closed","ping_status":"closed","template":"","meta":{"_editorskit_title_hidden":false,"_editorskit_reading_time":0,"_editorskit_is_block_options_detached":false,"_editorskit_block_options_position":"{}","footnotes":""},"yoast_head":"<!-- This site is optimized with the Yoast SEO plugin v21.0 - https:\/\/yoast.com\/wordpress\/plugins\/seo\/ -->\n<title>Proposer une contribution - Confluence des droits_La revue<\/title>\n<meta name=\"robots\" content=\"index, follow, max-snippet:-1, max-image-preview:large, max-video-preview:-1\" \/>\n<link rel=\"canonical\" href=\"https:\/\/confluencedesdroits-larevue.com\/?page_id=672\" \/>\n<meta property=\"og:locale\" content=\"fr_FR\" \/>\n<meta property=\"og:type\" content=\"article\" \/>\n<meta property=\"og:title\" content=\"Proposer une contribution - Confluence des droits_La revue\" \/>\n<meta property=\"og:description\" content=\"Les contributions propos\u00e9es \u00e0 Confluence des droits_La revue font l\u2019objet d\u2019une \u00e9valuation en double aveugle. Les contributions doivent \u00eatre envoy\u00e9es en deux fichiers&nbsp;: &#8211; la contribution en format .doc, .docx ou .rtf accompagn\u00e9e d\u2019un r\u00e9sum\u00e9 et d\u2019une liste de 3 \u00e0 10 mots-cl\u00e9s, sans le nom de l\u2019auteur ; &#8211; ainsi qu\u2019un fichier en format [&hellip;]\" \/>\n<meta property=\"og:url\" content=\"https:\/\/confluencedesdroits-larevue.com\/?page_id=672\" \/>\n<meta property=\"og:site_name\" content=\"Confluence des droits_La revue\" \/>\n<meta property=\"article:modified_time\" content=\"2025-06-10T07:11:02+00:00\" \/>\n<meta name=\"twitter:card\" content=\"summary_large_image\" \/>\n<meta name=\"twitter:label1\" content=\"Dur\u00e9e de lecture estim\u00e9e\" \/>\n\t<meta name=\"twitter:data1\" content=\"1 minute\" \/>\n<script type=\"application\/ld+json\" class=\"yoast-schema-graph\">{\"@context\":\"https:\/\/schema.org\",\"@graph\":[{\"@type\":\"WebPage\",\"@id\":\"https:\/\/confluencedesdroits-larevue.com\/?page_id=672\",\"url\":\"https:\/\/confluencedesdroits-larevue.com\/?page_id=672\",\"name\":\"Proposer une contribution - Confluence des droits_La revue\",\"isPartOf\":{\"@id\":\"https:\/\/confluencedesdroits-larevue.com\/#website\"},\"datePublished\":\"2020-02-03T08:20:48+00:00\",\"dateModified\":\"2025-06-10T07:11:02+00:00\",\"breadcrumb\":{\"@id\":\"https:\/\/confluencedesdroits-larevue.com\/?page_id=672#breadcrumb\"},\"inLanguage\":\"fr-FR\",\"potentialAction\":[{\"@type\":\"ReadAction\",\"target\":[\"https:\/\/confluencedesdroits-larevue.com\/?page_id=672\"]}]},{\"@type\":\"BreadcrumbList\",\"@id\":\"https:\/\/confluencedesdroits-larevue.com\/?page_id=672#breadcrumb\",\"itemListElement\":[{\"@type\":\"ListItem\",\"position\":1,\"name\":\"Accueil\",\"item\":\"https:\/\/confluencedesdroits-larevue.com\/\"},{\"@type\":\"ListItem\",\"position\":2,\"name\":\"Proposer une contribution\"}]},{\"@type\":\"WebSite\",\"@id\":\"https:\/\/confluencedesdroits-larevue.com\/#website\",\"url\":\"https:\/\/confluencedesdroits-larevue.com\/\",\"name\":\"Confluence des droits_La revue\",\"description\":\"UMR 7318 Droits International, Compar\u00e9 et Europ\u00e9en\",\"publisher\":{\"@id\":\"https:\/\/confluencedesdroits-larevue.com\/#organization\"},\"potentialAction\":[{\"@type\":\"SearchAction\",\"target\":{\"@type\":\"EntryPoint\",\"urlTemplate\":\"https:\/\/confluencedesdroits-larevue.com\/?s={search_term_string}\"},\"query-input\":\"required name=search_term_string\"}],\"inLanguage\":\"fr-FR\"},{\"@type\":\"Organization\",\"@id\":\"https:\/\/confluencedesdroits-larevue.com\/#organization\",\"name\":\"Confluence des droits_La revue\",\"url\":\"https:\/\/confluencedesdroits-larevue.com\/\",\"logo\":{\"@type\":\"ImageObject\",\"inLanguage\":\"fr-FR\",\"@id\":\"https:\/\/confluencedesdroits-larevue.com\/#\/schema\/logo\/image\/\",\"url\":\"https:\/\/confluencedesdroits-larevue.com\/wp-content\/uploads\/2024\/05\/Confluence-des-droits_La-revue.png\",\"contentUrl\":\"https:\/\/confluencedesdroits-larevue.com\/wp-content\/uploads\/2024\/05\/Confluence-des-droits_La-revue.png\",\"width\":3934,\"height\":613,\"caption\":\"Confluence des droits_La revue\"},\"image\":{\"@id\":\"https:\/\/confluencedesdroits-larevue.com\/#\/schema\/logo\/image\/\"}}]}<\/script>\n<!-- \/ Yoast SEO plugin. -->","yoast_head_json":{"title":"Proposer une contribution - Confluence des droits_La revue","robots":{"index":"index","follow":"follow","max-snippet":"max-snippet:-1","max-image-preview":"max-image-preview:large","max-video-preview":"max-video-preview:-1"},"canonical":"https:\/\/confluencedesdroits-larevue.com\/?page_id=672","og_locale":"fr_FR","og_type":"article","og_title":"Proposer une contribution - Confluence des droits_La revue","og_description":"Les contributions propos\u00e9es \u00e0 Confluence des droits_La revue font l\u2019objet d\u2019une \u00e9valuation en double aveugle. Les contributions doivent \u00eatre envoy\u00e9es en deux fichiers&nbsp;: &#8211; la contribution en format .doc, .docx ou .rtf accompagn\u00e9e d\u2019un r\u00e9sum\u00e9 et d\u2019une liste de 3 \u00e0 10 mots-cl\u00e9s, sans le nom de l\u2019auteur ; &#8211; ainsi qu\u2019un fichier en format [&hellip;]","og_url":"https:\/\/confluencedesdroits-larevue.com\/?page_id=672","og_site_name":"Confluence des droits_La revue","article_modified_time":"2025-06-10T07:11:02+00:00","twitter_card":"summary_large_image","twitter_misc":{"Dur\u00e9e de lecture estim\u00e9e":"1 minute"},"schema":{"@context":"https:\/\/schema.org","@graph":[{"@type":"WebPage","@id":"https:\/\/confluencedesdroits-larevue.com\/?page_id=672","url":"https:\/\/confluencedesdroits-larevue.com\/?page_id=672","name":"Proposer une contribution - Confluence des droits_La revue","isPartOf":{"@id":"https:\/\/confluencedesdroits-larevue.com\/#website"},"datePublished":"2020-02-03T08:20:48+00:00","dateModified":"2025-06-10T07:11:02+00:00","breadcrumb":{"@id":"https:\/\/confluencedesdroits-larevue.com\/?page_id=672#breadcrumb"},"inLanguage":"fr-FR","potentialAction":[{"@type":"ReadAction","target":["https:\/\/confluencedesdroits-larevue.com\/?page_id=672"]}]},{"@type":"BreadcrumbList","@id":"https:\/\/confluencedesdroits-larevue.com\/?page_id=672#breadcrumb","itemListElement":[{"@type":"ListItem","position":1,"name":"Accueil","item":"https:\/\/confluencedesdroits-larevue.com\/"},{"@type":"ListItem","position":2,"name":"Proposer une contribution"}]},{"@type":"WebSite","@id":"https:\/\/confluencedesdroits-larevue.com\/#website","url":"https:\/\/confluencedesdroits-larevue.com\/","name":"Confluence des droits_La revue","description":"UMR 7318 Droits International, Compar\u00e9 et Europ\u00e9en","publisher":{"@id":"https:\/\/confluencedesdroits-larevue.com\/#organization"},"potentialAction":[{"@type":"SearchAction","target":{"@type":"EntryPoint","urlTemplate":"https:\/\/confluencedesdroits-larevue.com\/?s={search_term_string}"},"query-input":"required name=search_term_string"}],"inLanguage":"fr-FR"},{"@type":"Organization","@id":"https:\/\/confluencedesdroits-larevue.com\/#organization","name":"Confluence des droits_La revue","url":"https:\/\/confluencedesdroits-larevue.com\/","logo":{"@type":"ImageObject","inLanguage":"fr-FR","@id":"https:\/\/confluencedesdroits-larevue.com\/#\/schema\/logo\/image\/","url":"https:\/\/confluencedesdroits-larevue.com\/wp-content\/uploads\/2024\/05\/Confluence-des-droits_La-revue.png","contentUrl":"https:\/\/confluencedesdroits-larevue.com\/wp-content\/uploads\/2024\/05\/Confluence-des-droits_La-revue.png","width":3934,"height":613,"caption":"Confluence des droits_La revue"},"image":{"@id":"https:\/\/confluencedesdroits-larevue.com\/#\/schema\/logo\/image\/"}}]}},"post_mailing_queue_ids":[],"_links":{"self":[{"href":"https:\/\/confluencedesdroits-larevue.com\/index.php?rest_route=\/wp\/v2\/pages\/672"}],"collection":[{"href":"https:\/\/confluencedesdroits-larevue.com\/index.php?rest_route=\/wp\/v2\/pages"}],"about":[{"href":"https:\/\/confluencedesdroits-larevue.com\/index.php?rest_route=\/wp\/v2\/types\/page"}],"author":[{"embeddable":true,"href":"https:\/\/confluencedesdroits-larevue.com\/index.php?rest_route=\/wp\/v2\/users\/1"}],"replies":[{"embeddable":true,"href":"https:\/\/confluencedesdroits-larevue.com\/index.php?rest_route=%2Fwp%2Fv2%2Fcomments&post=672"}],"version-history":[{"count":20,"href":"https:\/\/confluencedesdroits-larevue.com\/index.php?rest_route=\/wp\/v2\/pages\/672\/revisions"}],"predecessor-version":[{"id":4212,"href":"https:\/\/confluencedesdroits-larevue.com\/index.php?rest_route=\/wp\/v2\/pages\/672\/revisions\/4212"}],"wp:attachment":[{"href":"https:\/\/confluencedesdroits-larevue.com\/index.php?rest_route=%2Fwp%2Fv2%2Fmedia&parent=672"}],"curies":[{"name":"wp","href":"https:\/\/api.w.org\/{rel}","templated":true}]}}