{"id":4449,"date":"2025-07-07T10:19:46","date_gmt":"2025-07-07T08:19:46","guid":{"rendered":"https:\/\/confluencedesdroits-larevue.com\/?page_id=4449"},"modified":"2025-07-08T17:06:02","modified_gmt":"2025-07-08T15:06:02","slug":"definition-et-concepts-du-biodroit","status":"publish","type":"page","link":"https:\/\/confluencedesdroits-larevue.com\/?page_id=4449","title":{"rendered":"D\u00e9finitions et concepts du biodroit"},"content":{"rendered":"\n<p class=\"has-text-color\" style=\"color:#0071a1;font-size:22px\"><strong>Dossier D\u00e9finitions et concepts du biodroit<\/strong><\/p>\n\n\n\n<p>coordonn\u00e9 par Aur\u00e9lie Mahalatchimy, <em>Charg\u00e9e de recherche au CNRS en droit, Aix Marseille Univ, CNRS, DICE, CERIC, Aix-en-Provence, France<\/em><br>Xavier Magnon, <em>Professeur de droit public, Aix Marseille Univ, CNRS, DICE, ILF, Aix-en-Provence, France<\/em><\/p>\n\n\n\n<p>et Marie Glinel, <em>Ma\u00eetre de conf\u00e9rences en droit public \u00e0 l\u2019Universit\u00e9 Lyon&nbsp;II Lumi\u00e8re<\/em><\/p>\n\n\n\n<div style=\"height:50px\" aria-hidden=\"true\" class=\"wp-block-spacer\"><\/div>\n\n\n\n<p>Aur\u00e9lie Mahalatchimy, Xavier Magnon, Marie Glinel, <a href=\"https:\/\/confluencedesdroits-larevue.com\/?p=4175\" class=\"ek-link\">Pourquoi un dossier sur les d\u00e9finitions et les concepts du biodroit\u2009? (<em>Why a special issue on definitions and concepts in biolaw?<\/em>)<\/a><\/p>\n\n\n\n<hr class=\"wp-block-separator has-alpha-channel-opacity\"\/>\n\n\n\n<p>Audrey Lebret, <a href=\"https:\/\/confluencedesdroits-larevue.com\/?p=4176\" class=\"ek-link\">Unravelling Challenges of European Legal Approaches and Definitions of SoHO in Shaping Biomedical Innovation<\/a><\/p>\n\n\n\n<p>Valentine Delcroix, <a href=\"https:\/\/confluencedesdroits-larevue.com\/?p=4177\" class=\"ek-link\">Le concept de \u00ab&nbsp;substance&nbsp;\u00bb en droit de l\u2019Union europ\u00e9enne de&nbsp;l\u2019environnement et de la sant\u00e9<\/a><\/p>\n\n\n\n<p>Adrien Bottacci, <a href=\"https:\/\/confluencedesdroits-larevue.com\/?p=4178\" class=\"ek-link\">The Multifaceted Definition of Organoids in Law<\/a><\/p>\n\n\n\n<p>Estelle Brosset, <a href=\"https:\/\/confluencedesdroits-larevue.com\/?p=4179\" class=\"ek-link\">Observations \u00e0 propos de la d\u00e9finition des organismes g\u00e9n\u00e9tiquement modifi\u00e9s en droit de l\u2019Union europ\u00e9enne<\/a><\/p>\n\n\n\n<p>Mathieu Guerriaud, <a href=\"https:\/\/confluencedesdroits-larevue.com\/?p=4180\" class=\"ek-link\">The Legal Definition of Gene Therapy Medicinal Products: Addressing Challenges for Innovation and Safety<\/a><\/p>\n\n\n\n<p>\u00c9lo\u00efse Gennet, Aur\u00e9lie Mahalatchimy, <a href=\"https:\/\/confluencedesdroits-larevue.com\/?p=4181\" class=\"ek-link\">Is there a legal concept of biomedical innovations in EU binding law?<\/a> <\/p>\n\n\n\n<p>Gauthier Chassang, Lisa Feriol, No\u00e9mie Dubruel, <a href=\"https:\/\/confluencedesdroits-larevue.com\/?p=4182\" class=\"ek-link\">The Evolving Concept of Privacy in European Law. Addressing Specific Challenges for Advancing Biomedical Research and Innovation<\/a><\/p>\n\n\n\n<p>Katrina Perehudoff, Estela Pires, <a href=\"https:\/\/confluencedesdroits-larevue.com\/?p=4183\" class=\"ek-link\">The concept of unmet medical needs as negative space in&nbsp;EU&nbsp;Pharmaceutical Law: Legal definitions and regulatory reforms<\/a><\/p>\n\n\n\n<p>\u00c9lo\u00efse Gennet, Aur\u00e9lie Mahalatchimy, <a href=\"https:\/\/confluencedesdroits-larevue.com\/?p=4214\" class=\"ek-link\">How does EU non-binding law contribute to the scientific concept of biomedical innovations?<\/a><\/p>\n\n\n\n<p>Xavier Bioy, <a href=\"https:\/\/confluencedesdroits-larevue.com\/?p=4184\" class=\"ek-link\">Fragmentation et usages bio\u00e9thiques de la r\u00e9f\u00e9rence \u00e0 \u00ab&nbsp;l\u2019esp\u00e8ce humaine&nbsp;\u00bb<\/a><\/p>\n\n\n\n<p>Marie Glinel, <a href=\"https:\/\/confluencedesdroits-larevue.com\/?p=4185\" class=\"ek-link\">L\u2019influence des traditions juridiques sur les d\u00e9finitions europ\u00e9ennes du biodroit<\/a><\/p>\n\n\n\n<hr class=\"wp-block-separator has-alpha-channel-opacity\"\/>\n\n\n\n<p>Xavier Magnon, <a href=\"https:\/\/confluencedesdroits-larevue.com\/?p=4186\" class=\"ek-link\">De l\u2019usage des concepts dans le droit biom\u00e9dical. La part de la science du droit<\/a><\/p>\n\n\n\n<div style=\"height:80px\" aria-hidden=\"true\" class=\"wp-block-spacer\"><\/div>\n\n\n\n<p class=\"has-text-align-center\"><em>Ce travail a \u00e9t\u00e9 soutenu par le projet I-BioLex financ\u00e9 par l\u2019Agence nationale de la recherche <\/em><br><em>(ANR-20-CE26-0007-01)<\/em><\/p>\n\n\n\n<div style=\"height:30px\" aria-hidden=\"true\" class=\"wp-block-spacer\"><\/div>\n\n\n<div class=\"wp-block-image is-style-default\">\n<figure class=\"aligncenter size-large is-resized\"><img decoding=\"async\" loading=\"lazy\" width=\"1024\" height=\"390\" src=\"https:\/\/confluencedesdroits-larevue.com\/wp-content\/uploads\/2025\/07\/ANR-logo-2021-sigle-1024x390.jpg\" alt=\"\" class=\"wp-image-4571\" style=\"aspect-ratio:2.6256410256410256;width:341px;height:auto\" srcset=\"https:\/\/confluencedesdroits-larevue.com\/wp-content\/uploads\/2025\/07\/ANR-logo-2021-sigle-1024x390.jpg 1024w, https:\/\/confluencedesdroits-larevue.com\/wp-content\/uploads\/2025\/07\/ANR-logo-2021-sigle-300x114.jpg 300w, https:\/\/confluencedesdroits-larevue.com\/wp-content\/uploads\/2025\/07\/ANR-logo-2021-sigle-150x57.jpg 150w, https:\/\/confluencedesdroits-larevue.com\/wp-content\/uploads\/2025\/07\/ANR-logo-2021-sigle-768x292.jpg 768w, https:\/\/confluencedesdroits-larevue.com\/wp-content\/uploads\/2025\/07\/ANR-logo-2021-sigle-600x228.jpg 600w, https:\/\/confluencedesdroits-larevue.com\/wp-content\/uploads\/2025\/07\/ANR-logo-2021-sigle.jpg 1211w\" sizes=\"(max-width: 1024px) 100vw, 1024px\" \/><\/figure><\/div>","protected":false},"excerpt":{"rendered":"<p>Dossier D\u00e9finitions et concepts du biodroit coordonn\u00e9 par Aur\u00e9lie Mahalatchimy, Charg\u00e9e de recherche au CNRS en droit, Aix Marseille Univ, CNRS, DICE, CERIC, Aix-en-Provence, FranceXavier Magnon, Professeur de droit public, Aix Marseille Univ, CNRS, DICE, ILF, Aix-en-Provence, France et Marie Glinel, Ma\u00eetre de conf\u00e9rences en droit public \u00e0 l\u2019Universit\u00e9 Lyon&nbsp;II Lumi\u00e8re Aur\u00e9lie Mahalatchimy, Xavier Magnon, [&hellip;]<\/p>\n","protected":false},"author":2,"featured_media":0,"parent":1440,"menu_order":0,"comment_status":"closed","ping_status":"closed","template":"","meta":{"_editorskit_title_hidden":false,"_editorskit_reading_time":0,"_editorskit_is_block_options_detached":false,"_editorskit_block_options_position":"{}","footnotes":""},"yoast_head":"<!-- This site is optimized with the Yoast SEO plugin v21.0 - https:\/\/yoast.com\/wordpress\/plugins\/seo\/ -->\n<title>D\u00e9finitions et concepts du biodroit - Confluence des droits_La revue<\/title>\n<meta name=\"robots\" content=\"index, follow, max-snippet:-1, max-image-preview:large, max-video-preview:-1\" \/>\n<link rel=\"canonical\" href=\"https:\/\/confluencedesdroits-larevue.com\/?page_id=4449\" \/>\n<meta property=\"og:locale\" content=\"fr_FR\" \/>\n<meta property=\"og:type\" content=\"article\" \/>\n<meta property=\"og:title\" content=\"D\u00e9finitions et concepts du biodroit - Confluence des droits_La revue\" \/>\n<meta property=\"og:description\" content=\"Dossier D\u00e9finitions et concepts du biodroit coordonn\u00e9 par Aur\u00e9lie Mahalatchimy, Charg\u00e9e de recherche au CNRS en droit, Aix Marseille Univ, CNRS, DICE, CERIC, Aix-en-Provence, FranceXavier Magnon, Professeur de droit public, Aix Marseille Univ, CNRS, DICE, ILF, Aix-en-Provence, France et Marie Glinel, Ma\u00eetre de conf\u00e9rences en droit public \u00e0 l\u2019Universit\u00e9 Lyon&nbsp;II Lumi\u00e8re Aur\u00e9lie Mahalatchimy, Xavier Magnon, [&hellip;]\" \/>\n<meta property=\"og:url\" content=\"https:\/\/confluencedesdroits-larevue.com\/?page_id=4449\" \/>\n<meta property=\"og:site_name\" content=\"Confluence des droits_La revue\" \/>\n<meta property=\"article:modified_time\" content=\"2025-07-08T15:06:02+00:00\" \/>\n<meta property=\"og:image\" content=\"https:\/\/confluencedesdroits-larevue.com\/wp-content\/uploads\/2025\/07\/ANR-logo-2021-sigle-1024x390.jpg\" \/>\n<meta name=\"twitter:card\" content=\"summary_large_image\" \/>\n<meta name=\"twitter:label1\" content=\"Dur\u00e9e de lecture estim\u00e9e\" \/>\n\t<meta name=\"twitter:data1\" content=\"2 minutes\" \/>\n<script type=\"application\/ld+json\" class=\"yoast-schema-graph\">{\"@context\":\"https:\/\/schema.org\",\"@graph\":[{\"@type\":\"WebPage\",\"@id\":\"https:\/\/confluencedesdroits-larevue.com\/?page_id=4449\",\"url\":\"https:\/\/confluencedesdroits-larevue.com\/?page_id=4449\",\"name\":\"D\u00e9finitions et concepts du biodroit - Confluence des droits_La revue\",\"isPartOf\":{\"@id\":\"https:\/\/confluencedesdroits-larevue.com\/#website\"},\"datePublished\":\"2025-07-07T08:19:46+00:00\",\"dateModified\":\"2025-07-08T15:06:02+00:00\",\"breadcrumb\":{\"@id\":\"https:\/\/confluencedesdroits-larevue.com\/?page_id=4449#breadcrumb\"},\"inLanguage\":\"fr-FR\",\"potentialAction\":[{\"@type\":\"ReadAction\",\"target\":[\"https:\/\/confluencedesdroits-larevue.com\/?page_id=4449\"]}]},{\"@type\":\"BreadcrumbList\",\"@id\":\"https:\/\/confluencedesdroits-larevue.com\/?page_id=4449#breadcrumb\",\"itemListElement\":[{\"@type\":\"ListItem\",\"position\":1,\"name\":\"Accueil\",\"item\":\"https:\/\/confluencedesdroits-larevue.com\/\"},{\"@type\":\"ListItem\",\"position\":2,\"name\":\"Nos dossiers sp\u00e9ciaux\",\"item\":\"https:\/\/confluencedesdroits-larevue.com\/?page_id=1440\"},{\"@type\":\"ListItem\",\"position\":3,\"name\":\"D\u00e9finitions et concepts du biodroit\"}]},{\"@type\":\"WebSite\",\"@id\":\"https:\/\/confluencedesdroits-larevue.com\/#website\",\"url\":\"https:\/\/confluencedesdroits-larevue.com\/\",\"name\":\"Confluence des droits_La revue\",\"description\":\"UMR 7318 Droits International, Compar\u00e9 et Europ\u00e9en\",\"publisher\":{\"@id\":\"https:\/\/confluencedesdroits-larevue.com\/#organization\"},\"potentialAction\":[{\"@type\":\"SearchAction\",\"target\":{\"@type\":\"EntryPoint\",\"urlTemplate\":\"https:\/\/confluencedesdroits-larevue.com\/?s={search_term_string}\"},\"query-input\":\"required name=search_term_string\"}],\"inLanguage\":\"fr-FR\"},{\"@type\":\"Organization\",\"@id\":\"https:\/\/confluencedesdroits-larevue.com\/#organization\",\"name\":\"Confluence des droits_La revue\",\"url\":\"https:\/\/confluencedesdroits-larevue.com\/\",\"logo\":{\"@type\":\"ImageObject\",\"inLanguage\":\"fr-FR\",\"@id\":\"https:\/\/confluencedesdroits-larevue.com\/#\/schema\/logo\/image\/\",\"url\":\"https:\/\/confluencedesdroits-larevue.com\/wp-content\/uploads\/2024\/05\/Confluence-des-droits_La-revue.png\",\"contentUrl\":\"https:\/\/confluencedesdroits-larevue.com\/wp-content\/uploads\/2024\/05\/Confluence-des-droits_La-revue.png\",\"width\":3934,\"height\":613,\"caption\":\"Confluence des droits_La revue\"},\"image\":{\"@id\":\"https:\/\/confluencedesdroits-larevue.com\/#\/schema\/logo\/image\/\"}}]}<\/script>\n<!-- \/ Yoast SEO plugin. -->","yoast_head_json":{"title":"D\u00e9finitions et concepts du biodroit - Confluence des droits_La revue","robots":{"index":"index","follow":"follow","max-snippet":"max-snippet:-1","max-image-preview":"max-image-preview:large","max-video-preview":"max-video-preview:-1"},"canonical":"https:\/\/confluencedesdroits-larevue.com\/?page_id=4449","og_locale":"fr_FR","og_type":"article","og_title":"D\u00e9finitions et concepts du biodroit - Confluence des droits_La revue","og_description":"Dossier D\u00e9finitions et concepts du biodroit coordonn\u00e9 par Aur\u00e9lie Mahalatchimy, Charg\u00e9e de recherche au CNRS en droit, Aix Marseille Univ, CNRS, DICE, CERIC, Aix-en-Provence, FranceXavier Magnon, Professeur de droit public, Aix Marseille Univ, CNRS, DICE, ILF, Aix-en-Provence, France et Marie Glinel, Ma\u00eetre de conf\u00e9rences en droit public \u00e0 l\u2019Universit\u00e9 Lyon&nbsp;II Lumi\u00e8re Aur\u00e9lie Mahalatchimy, Xavier Magnon, [&hellip;]","og_url":"https:\/\/confluencedesdroits-larevue.com\/?page_id=4449","og_site_name":"Confluence des droits_La revue","article_modified_time":"2025-07-08T15:06:02+00:00","og_image":[{"url":"https:\/\/confluencedesdroits-larevue.com\/wp-content\/uploads\/2025\/07\/ANR-logo-2021-sigle-1024x390.jpg"}],"twitter_card":"summary_large_image","twitter_misc":{"Dur\u00e9e de lecture estim\u00e9e":"2 minutes"},"schema":{"@context":"https:\/\/schema.org","@graph":[{"@type":"WebPage","@id":"https:\/\/confluencedesdroits-larevue.com\/?page_id=4449","url":"https:\/\/confluencedesdroits-larevue.com\/?page_id=4449","name":"D\u00e9finitions et concepts du biodroit - Confluence des droits_La revue","isPartOf":{"@id":"https:\/\/confluencedesdroits-larevue.com\/#website"},"datePublished":"2025-07-07T08:19:46+00:00","dateModified":"2025-07-08T15:06:02+00:00","breadcrumb":{"@id":"https:\/\/confluencedesdroits-larevue.com\/?page_id=4449#breadcrumb"},"inLanguage":"fr-FR","potentialAction":[{"@type":"ReadAction","target":["https:\/\/confluencedesdroits-larevue.com\/?page_id=4449"]}]},{"@type":"BreadcrumbList","@id":"https:\/\/confluencedesdroits-larevue.com\/?page_id=4449#breadcrumb","itemListElement":[{"@type":"ListItem","position":1,"name":"Accueil","item":"https:\/\/confluencedesdroits-larevue.com\/"},{"@type":"ListItem","position":2,"name":"Nos dossiers sp\u00e9ciaux","item":"https:\/\/confluencedesdroits-larevue.com\/?page_id=1440"},{"@type":"ListItem","position":3,"name":"D\u00e9finitions et concepts du biodroit"}]},{"@type":"WebSite","@id":"https:\/\/confluencedesdroits-larevue.com\/#website","url":"https:\/\/confluencedesdroits-larevue.com\/","name":"Confluence des droits_La revue","description":"UMR 7318 Droits International, Compar\u00e9 et Europ\u00e9en","publisher":{"@id":"https:\/\/confluencedesdroits-larevue.com\/#organization"},"potentialAction":[{"@type":"SearchAction","target":{"@type":"EntryPoint","urlTemplate":"https:\/\/confluencedesdroits-larevue.com\/?s={search_term_string}"},"query-input":"required name=search_term_string"}],"inLanguage":"fr-FR"},{"@type":"Organization","@id":"https:\/\/confluencedesdroits-larevue.com\/#organization","name":"Confluence des droits_La revue","url":"https:\/\/confluencedesdroits-larevue.com\/","logo":{"@type":"ImageObject","inLanguage":"fr-FR","@id":"https:\/\/confluencedesdroits-larevue.com\/#\/schema\/logo\/image\/","url":"https:\/\/confluencedesdroits-larevue.com\/wp-content\/uploads\/2024\/05\/Confluence-des-droits_La-revue.png","contentUrl":"https:\/\/confluencedesdroits-larevue.com\/wp-content\/uploads\/2024\/05\/Confluence-des-droits_La-revue.png","width":3934,"height":613,"caption":"Confluence des droits_La revue"},"image":{"@id":"https:\/\/confluencedesdroits-larevue.com\/#\/schema\/logo\/image\/"}}]}},"post_mailing_queue_ids":[],"_links":{"self":[{"href":"https:\/\/confluencedesdroits-larevue.com\/index.php?rest_route=\/wp\/v2\/pages\/4449"}],"collection":[{"href":"https:\/\/confluencedesdroits-larevue.com\/index.php?rest_route=\/wp\/v2\/pages"}],"about":[{"href":"https:\/\/confluencedesdroits-larevue.com\/index.php?rest_route=\/wp\/v2\/types\/page"}],"author":[{"embeddable":true,"href":"https:\/\/confluencedesdroits-larevue.com\/index.php?rest_route=\/wp\/v2\/users\/2"}],"replies":[{"embeddable":true,"href":"https:\/\/confluencedesdroits-larevue.com\/index.php?rest_route=%2Fwp%2Fv2%2Fcomments&post=4449"}],"version-history":[{"count":9,"href":"https:\/\/confluencedesdroits-larevue.com\/index.php?rest_route=\/wp\/v2\/pages\/4449\/revisions"}],"predecessor-version":[{"id":4574,"href":"https:\/\/confluencedesdroits-larevue.com\/index.php?rest_route=\/wp\/v2\/pages\/4449\/revisions\/4574"}],"up":[{"embeddable":true,"href":"https:\/\/confluencedesdroits-larevue.com\/index.php?rest_route=\/wp\/v2\/pages\/1440"}],"wp:attachment":[{"href":"https:\/\/confluencedesdroits-larevue.com\/index.php?rest_route=%2Fwp%2Fv2%2Fmedia&parent=4449"}],"curies":[{"name":"wp","href":"https:\/\/api.w.org\/{rel}","templated":true}]}}