{"id":3916,"date":"2025-03-06T15:58:00","date_gmt":"2025-03-06T14:58:00","guid":{"rendered":"https:\/\/confluencedesdroits-larevue.com\/?page_id=3916"},"modified":"2025-03-06T17:00:04","modified_gmt":"2025-03-06T16:00:04","slug":"one-health-en-droit-international-et-europeen","status":"publish","type":"page","link":"https:\/\/confluencedesdroits-larevue.com\/?page_id=3916","title":{"rendered":"One Health en droit international et europ\u00e9en"},"content":{"rendered":"\n<h2 class=\"wp-block-heading has-text-color\" style=\"color:#0071a1;font-size:22px\"><strong><span style=\"background-color:rgba(0, 0, 0, 0);color:#2b7b9d\" class=\"has-inline-color\">Dossier<\/span><\/strong> One Health en droit international et europ\u00e9en <\/h2>\n\n\n\n<p>coordonn\u00e9 par \u00c9lo\u00efse Gennet, <em>Professeur junior en droit europ\u00e9en de la sant\u00e9 et des m\u00e9dicaments, Aix Marseille Univ, CNRS, DICE, CERIC, Aix-en-Provence, France<\/em><br>et Habib Badjinri Tour\u00e9, <em>Ma\u00eetre de conf\u00e9rences en droit public \u00e0 l\u2019Universit\u00e9 de Grenoble Alpes, Centre d\u2019\u00e9tudes sur la s\u00e9curit\u00e9 internationale et les coop\u00e9rations europ\u00e9ennes (CESICE)<\/em><\/p>\n\n\n\n<p><\/p>\n\n\n\n<p class=\"has-text-color\" style=\"color:#0071a1;font-size:22px\"><strong>Introduction<\/strong><\/p>\n\n\n\n<p>\u00c9lo\u00efse Gennet, <a href=\"https:\/\/confluencedesdroits-larevue.com\/?p=3791\">One Health \u00e0 la crois\u00e9e des disciplines et des normes. Propos introductifs<\/a><\/p>\n\n\n\n<p>Estelle Brosset, <a href=\"https:\/\/confluencedesdroits-larevue.com\/?p=3777\">Premi\u00e8re approche de&nbsp;l\u2019approche One&nbsp;Health en droit de l\u2019Union europ\u00e9enne<\/a><\/p>\n\n\n\n<p class=\"has-text-color\" style=\"color:#0071a1;font-size:22px\"><strong>One Health et le droit de la sant\u00e9<\/strong><\/p>\n\n\n\n<p>\u00c9lo\u00efse Gennet, <a href=\"https:\/\/confluencedesdroits-larevue.com\/?p=3779\">Le droit de l\u2019Union europ\u00e9enne en mati\u00e8re de lutte contre les pand\u00e9mies&nbsp;comme laboratoire de l\u2019approche One&nbsp;Health<\/a><\/p>\n\n\n\n<p>Stefania Negri, <a href=\"https:\/\/confluencedesdroits-larevue.com\/?p=3780\">Approche \u00ab&nbsp;One Health&nbsp;\u00bb et droit international. Les outils du droit et de la coop\u00e9ration internationale au service de la sant\u00e9 mondiale<\/a><\/p>\n\n\n\n<p>Maud Cintrat, <a href=\"https:\/\/confluencedesdroits-larevue.com\/?p=3778\">One Health \u2013 Une seule sant\u00e9\u2009: quelle dynamique de la protection de la sant\u00e9 animale en droit de l\u2019Union europ\u00e9enne\u2009?<\/a><\/p>\n\n\n\n<p>Laurence Warin, <a href=\"https:\/\/confluencedesdroits-larevue.com\/?p=3788\">\u00ab&nbsp;Une seule sant\u00e9&nbsp;\u00bb et \u00ab&nbsp;sant\u00e9 dans toutes les politiques&nbsp;\u00bb. Caract\u00e9ristiques et difficult\u00e9s de mise en \u0153uvre d\u2019approches int\u00e9gr\u00e9es de la sant\u00e9<\/a><\/p>\n\n\n\n<p class=\"has-text-color\" style=\"color:#0071a1;font-size:22px\"><strong>One Health et le droit de l\u2019environnement<\/strong><\/p>\n\n\n\n<p>\u00c8ve Truilh\u00e9, <a href=\"https:\/\/confluencedesdroits-larevue.com\/?p=3781\">\u00c0 la recherche de l\u2019effectivit\u00e9 de l\u2019approche One&nbsp;Health en droit de&nbsp;l\u2019environnement<\/a><\/p>\n\n\n\n<p>Sophie Gambardella, <a href=\"https:\/\/confluencedesdroits-larevue.com\/?p=3841\">One&nbsp;Health&nbsp;: une nouvelle nuance dans le cama\u00efeu des concepts int\u00e9grateurs du droit international de l\u2019environnement\u2009?<\/a><\/p>\n\n\n\n<p>Sara Brimo, <a href=\"https:\/\/confluencedesdroits-larevue.com\/?p=3776\">One&nbsp;Health et droit \u00e0 un environnement sain\u2009: du global au justiciable\u2009?<\/a><\/p>\n\n\n\n<p class=\"has-text-color\" style=\"color:#0071a1;font-size:22px\"><strong>Conclusion<\/strong><\/p>\n\n\n\n<p>Habib Badjinri Tour\u00e9, <a href=\"https:\/\/confluencedesdroits-larevue.com\/?p=3870\">L\u2019approche One&nbsp;Health en qu\u00eate de son identit\u00e9 juridique. Propos conclusifs<\/a>&nbsp;<\/p>\n\n\n\n<div style=\"height:80px\" aria-hidden=\"true\" class=\"wp-block-spacer\"><\/div>\n\n\n\n<p><em>Ce travail a b\u00e9n\u00e9fici\u00e9 d\u2019une aide du gouvernement fran\u00e7ais au titre de France 2030, dans le cadre de l\u2019Initiative d\u2019Excellence d\u2019Aix-Marseille Universit\u00e9 \u2013 A*MIDEX \u2013 et du soutien de l\u2019Agence nationale de la recherche dans le cadre de la Chaire de professeur junior ANR-22-CPJ2-0021-01.<\/em><\/p>\n\n\n\n<div style=\"height:30px\" aria-hidden=\"true\" class=\"wp-block-spacer\"><\/div>\n\n\n<div class=\"wp-block-image is-style-default\">\n<figure class=\"aligncenter size-large is-resized\"><img decoding=\"async\" loading=\"lazy\" width=\"1024\" height=\"163\" src=\"https:\/\/confluencedesdroits-larevue.com\/wp-content\/uploads\/2025\/03\/logo_amidex_ANR-1024x163.png\" alt=\"\" class=\"wp-image-4027\" style=\"aspect-ratio:6.282208588957055;width:440px;height:auto\" srcset=\"https:\/\/confluencedesdroits-larevue.com\/wp-content\/uploads\/2025\/03\/logo_amidex_ANR-1024x163.png 1024w, https:\/\/confluencedesdroits-larevue.com\/wp-content\/uploads\/2025\/03\/logo_amidex_ANR-300x48.png 300w, https:\/\/confluencedesdroits-larevue.com\/wp-content\/uploads\/2025\/03\/logo_amidex_ANR-150x24.png 150w, https:\/\/confluencedesdroits-larevue.com\/wp-content\/uploads\/2025\/03\/logo_amidex_ANR-768x122.png 768w, https:\/\/confluencedesdroits-larevue.com\/wp-content\/uploads\/2025\/03\/logo_amidex_ANR-1536x245.png 1536w, https:\/\/confluencedesdroits-larevue.com\/wp-content\/uploads\/2025\/03\/logo_amidex_ANR-2048x327.png 2048w, https:\/\/confluencedesdroits-larevue.com\/wp-content\/uploads\/2025\/03\/logo_amidex_ANR-600x96.png 600w\" sizes=\"(max-width: 1024px) 100vw, 1024px\" \/><\/figure><\/div>","protected":false},"excerpt":{"rendered":"<p>Dossier One Health en droit international et europ\u00e9en coordonn\u00e9 par \u00c9lo\u00efse Gennet, Professeur junior en droit europ\u00e9en de la sant\u00e9 et des m\u00e9dicaments, Aix Marseille Univ, CNRS, DICE, CERIC, Aix-en-Provence, Franceet Habib Badjinri Tour\u00e9, Ma\u00eetre de conf\u00e9rences en droit public \u00e0 l\u2019Universit\u00e9 de Grenoble Alpes, Centre d\u2019\u00e9tudes sur la s\u00e9curit\u00e9 internationale et les coop\u00e9rations europ\u00e9ennes [&hellip;]<\/p>\n","protected":false},"author":2,"featured_media":0,"parent":1440,"menu_order":0,"comment_status":"closed","ping_status":"closed","template":"","meta":{"_editorskit_title_hidden":false,"_editorskit_reading_time":0,"_editorskit_is_block_options_detached":false,"_editorskit_block_options_position":"{}","footnotes":""},"yoast_head":"<!-- This site is optimized with the Yoast SEO plugin v21.0 - https:\/\/yoast.com\/wordpress\/plugins\/seo\/ -->\n<title>One Health en droit international et europ\u00e9en - Confluence des droits_La revue<\/title>\n<meta name=\"robots\" content=\"index, follow, max-snippet:-1, max-image-preview:large, max-video-preview:-1\" \/>\n<link rel=\"canonical\" href=\"https:\/\/confluencedesdroits-larevue.com\/?page_id=3916\" \/>\n<meta property=\"og:locale\" content=\"fr_FR\" \/>\n<meta property=\"og:type\" content=\"article\" \/>\n<meta property=\"og:title\" content=\"One Health en droit international et europ\u00e9en - Confluence des droits_La revue\" \/>\n<meta property=\"og:description\" content=\"Dossier One Health en droit international et europ\u00e9en coordonn\u00e9 par \u00c9lo\u00efse Gennet, Professeur junior en droit europ\u00e9en de la sant\u00e9 et des m\u00e9dicaments, Aix Marseille Univ, CNRS, DICE, CERIC, Aix-en-Provence, Franceet Habib Badjinri Tour\u00e9, Ma\u00eetre de conf\u00e9rences en droit public \u00e0 l\u2019Universit\u00e9 de Grenoble Alpes, Centre d\u2019\u00e9tudes sur la s\u00e9curit\u00e9 internationale et les coop\u00e9rations europ\u00e9ennes [&hellip;]\" \/>\n<meta property=\"og:url\" content=\"https:\/\/confluencedesdroits-larevue.com\/?page_id=3916\" \/>\n<meta property=\"og:site_name\" content=\"Confluence des droits_La revue\" \/>\n<meta property=\"article:modified_time\" content=\"2025-03-06T16:00:04+00:00\" \/>\n<meta property=\"og:image\" content=\"https:\/\/confluencedesdroits-larevue.com\/wp-content\/uploads\/2025\/03\/logo_amidex_ANR-1024x163.png\" \/>\n<meta name=\"twitter:card\" content=\"summary_large_image\" \/>\n<meta name=\"twitter:label1\" content=\"Dur\u00e9e de lecture estim\u00e9e\" \/>\n\t<meta name=\"twitter:data1\" content=\"2 minutes\" \/>\n<script type=\"application\/ld+json\" class=\"yoast-schema-graph\">{\"@context\":\"https:\/\/schema.org\",\"@graph\":[{\"@type\":\"WebPage\",\"@id\":\"https:\/\/confluencedesdroits-larevue.com\/?page_id=3916\",\"url\":\"https:\/\/confluencedesdroits-larevue.com\/?page_id=3916\",\"name\":\"One Health en droit international et europ\u00e9en - Confluence des droits_La revue\",\"isPartOf\":{\"@id\":\"https:\/\/confluencedesdroits-larevue.com\/#website\"},\"datePublished\":\"2025-03-06T14:58:00+00:00\",\"dateModified\":\"2025-03-06T16:00:04+00:00\",\"breadcrumb\":{\"@id\":\"https:\/\/confluencedesdroits-larevue.com\/?page_id=3916#breadcrumb\"},\"inLanguage\":\"fr-FR\",\"potentialAction\":[{\"@type\":\"ReadAction\",\"target\":[\"https:\/\/confluencedesdroits-larevue.com\/?page_id=3916\"]}]},{\"@type\":\"BreadcrumbList\",\"@id\":\"https:\/\/confluencedesdroits-larevue.com\/?page_id=3916#breadcrumb\",\"itemListElement\":[{\"@type\":\"ListItem\",\"position\":1,\"name\":\"Accueil\",\"item\":\"https:\/\/confluencedesdroits-larevue.com\/\"},{\"@type\":\"ListItem\",\"position\":2,\"name\":\"Nos dossiers sp\u00e9ciaux\",\"item\":\"https:\/\/confluencedesdroits-larevue.com\/?page_id=1440\"},{\"@type\":\"ListItem\",\"position\":3,\"name\":\"One Health en droit international et europ\u00e9en\"}]},{\"@type\":\"WebSite\",\"@id\":\"https:\/\/confluencedesdroits-larevue.com\/#website\",\"url\":\"https:\/\/confluencedesdroits-larevue.com\/\",\"name\":\"Confluence des droits_La revue\",\"description\":\"UMR 7318 Droits International, Compar\u00e9 et Europ\u00e9en\",\"publisher\":{\"@id\":\"https:\/\/confluencedesdroits-larevue.com\/#organization\"},\"potentialAction\":[{\"@type\":\"SearchAction\",\"target\":{\"@type\":\"EntryPoint\",\"urlTemplate\":\"https:\/\/confluencedesdroits-larevue.com\/?s={search_term_string}\"},\"query-input\":\"required name=search_term_string\"}],\"inLanguage\":\"fr-FR\"},{\"@type\":\"Organization\",\"@id\":\"https:\/\/confluencedesdroits-larevue.com\/#organization\",\"name\":\"Confluence des droits_La revue\",\"url\":\"https:\/\/confluencedesdroits-larevue.com\/\",\"logo\":{\"@type\":\"ImageObject\",\"inLanguage\":\"fr-FR\",\"@id\":\"https:\/\/confluencedesdroits-larevue.com\/#\/schema\/logo\/image\/\",\"url\":\"https:\/\/confluencedesdroits-larevue.com\/wp-content\/uploads\/2024\/05\/Confluence-des-droits_La-revue.png\",\"contentUrl\":\"https:\/\/confluencedesdroits-larevue.com\/wp-content\/uploads\/2024\/05\/Confluence-des-droits_La-revue.png\",\"width\":3934,\"height\":613,\"caption\":\"Confluence des droits_La revue\"},\"image\":{\"@id\":\"https:\/\/confluencedesdroits-larevue.com\/#\/schema\/logo\/image\/\"}}]}<\/script>\n<!-- \/ Yoast SEO plugin. -->","yoast_head_json":{"title":"One Health en droit international et europ\u00e9en - Confluence des droits_La revue","robots":{"index":"index","follow":"follow","max-snippet":"max-snippet:-1","max-image-preview":"max-image-preview:large","max-video-preview":"max-video-preview:-1"},"canonical":"https:\/\/confluencedesdroits-larevue.com\/?page_id=3916","og_locale":"fr_FR","og_type":"article","og_title":"One Health en droit international et europ\u00e9en - Confluence des droits_La revue","og_description":"Dossier One Health en droit international et europ\u00e9en coordonn\u00e9 par \u00c9lo\u00efse Gennet, Professeur junior en droit europ\u00e9en de la sant\u00e9 et des m\u00e9dicaments, Aix Marseille Univ, CNRS, DICE, CERIC, Aix-en-Provence, Franceet Habib Badjinri Tour\u00e9, Ma\u00eetre de conf\u00e9rences en droit public \u00e0 l\u2019Universit\u00e9 de Grenoble Alpes, Centre d\u2019\u00e9tudes sur la s\u00e9curit\u00e9 internationale et les coop\u00e9rations europ\u00e9ennes [&hellip;]","og_url":"https:\/\/confluencedesdroits-larevue.com\/?page_id=3916","og_site_name":"Confluence des droits_La revue","article_modified_time":"2025-03-06T16:00:04+00:00","og_image":[{"url":"https:\/\/confluencedesdroits-larevue.com\/wp-content\/uploads\/2025\/03\/logo_amidex_ANR-1024x163.png"}],"twitter_card":"summary_large_image","twitter_misc":{"Dur\u00e9e de lecture estim\u00e9e":"2 minutes"},"schema":{"@context":"https:\/\/schema.org","@graph":[{"@type":"WebPage","@id":"https:\/\/confluencedesdroits-larevue.com\/?page_id=3916","url":"https:\/\/confluencedesdroits-larevue.com\/?page_id=3916","name":"One Health en droit international et europ\u00e9en - Confluence des droits_La revue","isPartOf":{"@id":"https:\/\/confluencedesdroits-larevue.com\/#website"},"datePublished":"2025-03-06T14:58:00+00:00","dateModified":"2025-03-06T16:00:04+00:00","breadcrumb":{"@id":"https:\/\/confluencedesdroits-larevue.com\/?page_id=3916#breadcrumb"},"inLanguage":"fr-FR","potentialAction":[{"@type":"ReadAction","target":["https:\/\/confluencedesdroits-larevue.com\/?page_id=3916"]}]},{"@type":"BreadcrumbList","@id":"https:\/\/confluencedesdroits-larevue.com\/?page_id=3916#breadcrumb","itemListElement":[{"@type":"ListItem","position":1,"name":"Accueil","item":"https:\/\/confluencedesdroits-larevue.com\/"},{"@type":"ListItem","position":2,"name":"Nos dossiers sp\u00e9ciaux","item":"https:\/\/confluencedesdroits-larevue.com\/?page_id=1440"},{"@type":"ListItem","position":3,"name":"One Health en droit international et europ\u00e9en"}]},{"@type":"WebSite","@id":"https:\/\/confluencedesdroits-larevue.com\/#website","url":"https:\/\/confluencedesdroits-larevue.com\/","name":"Confluence des droits_La revue","description":"UMR 7318 Droits International, Compar\u00e9 et Europ\u00e9en","publisher":{"@id":"https:\/\/confluencedesdroits-larevue.com\/#organization"},"potentialAction":[{"@type":"SearchAction","target":{"@type":"EntryPoint","urlTemplate":"https:\/\/confluencedesdroits-larevue.com\/?s={search_term_string}"},"query-input":"required name=search_term_string"}],"inLanguage":"fr-FR"},{"@type":"Organization","@id":"https:\/\/confluencedesdroits-larevue.com\/#organization","name":"Confluence des droits_La revue","url":"https:\/\/confluencedesdroits-larevue.com\/","logo":{"@type":"ImageObject","inLanguage":"fr-FR","@id":"https:\/\/confluencedesdroits-larevue.com\/#\/schema\/logo\/image\/","url":"https:\/\/confluencedesdroits-larevue.com\/wp-content\/uploads\/2024\/05\/Confluence-des-droits_La-revue.png","contentUrl":"https:\/\/confluencedesdroits-larevue.com\/wp-content\/uploads\/2024\/05\/Confluence-des-droits_La-revue.png","width":3934,"height":613,"caption":"Confluence des droits_La revue"},"image":{"@id":"https:\/\/confluencedesdroits-larevue.com\/#\/schema\/logo\/image\/"}}]}},"post_mailing_queue_ids":[],"_links":{"self":[{"href":"https:\/\/confluencedesdroits-larevue.com\/index.php?rest_route=\/wp\/v2\/pages\/3916"}],"collection":[{"href":"https:\/\/confluencedesdroits-larevue.com\/index.php?rest_route=\/wp\/v2\/pages"}],"about":[{"href":"https:\/\/confluencedesdroits-larevue.com\/index.php?rest_route=\/wp\/v2\/types\/page"}],"author":[{"embeddable":true,"href":"https:\/\/confluencedesdroits-larevue.com\/index.php?rest_route=\/wp\/v2\/users\/2"}],"replies":[{"embeddable":true,"href":"https:\/\/confluencedesdroits-larevue.com\/index.php?rest_route=%2Fwp%2Fv2%2Fcomments&post=3916"}],"version-history":[{"count":14,"href":"https:\/\/confluencedesdroits-larevue.com\/index.php?rest_route=\/wp\/v2\/pages\/3916\/revisions"}],"predecessor-version":[{"id":4035,"href":"https:\/\/confluencedesdroits-larevue.com\/index.php?rest_route=\/wp\/v2\/pages\/3916\/revisions\/4035"}],"up":[{"embeddable":true,"href":"https:\/\/confluencedesdroits-larevue.com\/index.php?rest_route=\/wp\/v2\/pages\/1440"}],"wp:attachment":[{"href":"https:\/\/confluencedesdroits-larevue.com\/index.php?rest_route=%2Fwp%2Fv2%2Fmedia&parent=3916"}],"curies":[{"name":"wp","href":"https:\/\/api.w.org\/{rel}","templated":true}]}}