{"id":3711,"date":"2024-12-20T15:57:20","date_gmt":"2024-12-20T14:57:20","guid":{"rendered":"https:\/\/confluencedesdroits-larevue.com\/?page_id=3711"},"modified":"2025-05-22T14:33:51","modified_gmt":"2025-05-22T12:33:51","slug":"la-regulation-internationale-de-lia-enjeux-et-perspectives","status":"publish","type":"page","link":"https:\/\/confluencedesdroits-larevue.com\/?page_id=3711","title":{"rendered":"La r\u00e9gulation internationale de l\u2019IA\u00a0: enjeux et perspectives"},"content":{"rendered":"\n<h2 class=\"wp-block-heading has-text-align-left has-text-color\" style=\"color:#0071a1;font-size:22px\"><strong><span style=\"background-color:rgba(0, 0, 0, 0);color:#2b7b9d\" class=\"has-inline-color\">Dossier&nbsp;La r\u00e9gulation internationale de l\u2019IA&nbsp;: <\/span><\/strong>enjeux et perspectives<\/h2>\n\n\n\n<p>coordonn\u00e9 par Audrey Bachert-Peretti, <em>Ma\u00eetre de conf\u00e9rences, Aix Marseille Univ, CNRS, DICE, ILF, Aix-en-Provence, France<\/em> <br>et Rapha\u00ebl Dechaux, <em>Ma\u00eetre de conf\u00e9rences HDR \u00e0 l\u2019Universit\u00e9 de Lorraine<\/em><\/p>\n\n\n\n<p><\/p>\n\n\n\n<p><a href=\"https:\/\/confluencedesdroits-larevue.com\/?p=3678\" class=\"ek-link\">Nathan Cambien, David Newton \u2013 La r\u00e9gulation de l\u2019intelligence artificielle\u00a0: approches internationales et britannique<\/a><\/p>\n\n\n\n<p><a href=\"https:\/\/confluencedesdroits-larevue.com\/?p=3677\" class=\"ek-link\">Alexandre Stepanov \u2013 Vers l\u2019\u00e9mergence de nouveaux droits fondamentaux contre\u00a0l\u2019administration algorithmique<\/a><\/p>\n\n\n\n<p><a href=\"https:\/\/confluencedesdroits-larevue.com\/?p=3724\" class=\"ek-link\">Kelly Xintara \u2013 Le droit de contester une d\u00e9cision \u00e9mise par un syst\u00e8me d\u2019intelligence artificielle (IA). Port\u00e9e et perspective<\/a>s<\/p>\n","protected":false},"excerpt":{"rendered":"<p>Dossier&nbsp;La r\u00e9gulation internationale de l\u2019IA&nbsp;: enjeux et perspectives coordonn\u00e9 par Audrey Bachert-Peretti, Ma\u00eetre de conf\u00e9rences, Aix Marseille Univ, CNRS, DICE, ILF, Aix-en-Provence, France et Rapha\u00ebl Dechaux, Ma\u00eetre de conf\u00e9rences HDR \u00e0 l\u2019Universit\u00e9 de Lorraine Nathan Cambien, David Newton \u2013 La r\u00e9gulation de l\u2019intelligence artificielle\u00a0: approches internationales et britannique Alexandre Stepanov \u2013 Vers l\u2019\u00e9mergence de nouveaux [&hellip;]<\/p>\n","protected":false},"author":2,"featured_media":0,"parent":1440,"menu_order":0,"comment_status":"closed","ping_status":"closed","template":"","meta":{"_editorskit_title_hidden":false,"_editorskit_reading_time":0,"_editorskit_is_block_options_detached":false,"_editorskit_block_options_position":"{}","footnotes":""},"yoast_head":"<!-- This site is optimized with the Yoast SEO plugin v21.0 - https:\/\/yoast.com\/wordpress\/plugins\/seo\/ -->\n<title>La r\u00e9gulation internationale de l\u2019IA\u00a0: enjeux et perspectives - Confluence des droits_La revue<\/title>\n<meta name=\"robots\" content=\"index, follow, max-snippet:-1, max-image-preview:large, max-video-preview:-1\" \/>\n<link rel=\"canonical\" href=\"https:\/\/confluencedesdroits-larevue.com\/?page_id=3711\" \/>\n<meta property=\"og:locale\" content=\"fr_FR\" \/>\n<meta property=\"og:type\" content=\"article\" \/>\n<meta property=\"og:title\" content=\"La r\u00e9gulation internationale de l\u2019IA\u00a0: enjeux et perspectives - Confluence des droits_La revue\" \/>\n<meta property=\"og:description\" content=\"Dossier&nbsp;La r\u00e9gulation internationale de l\u2019IA&nbsp;: enjeux et perspectives coordonn\u00e9 par Audrey Bachert-Peretti, Ma\u00eetre de conf\u00e9rences, Aix Marseille Univ, CNRS, DICE, ILF, Aix-en-Provence, France et Rapha\u00ebl Dechaux, Ma\u00eetre de conf\u00e9rences HDR \u00e0 l\u2019Universit\u00e9 de Lorraine Nathan Cambien, David Newton \u2013 La r\u00e9gulation de l\u2019intelligence artificielle\u00a0: approches internationales et britannique Alexandre Stepanov \u2013 Vers l\u2019\u00e9mergence de nouveaux [&hellip;]\" \/>\n<meta property=\"og:url\" content=\"https:\/\/confluencedesdroits-larevue.com\/?page_id=3711\" \/>\n<meta property=\"og:site_name\" content=\"Confluence des droits_La revue\" \/>\n<meta property=\"article:modified_time\" content=\"2025-05-22T12:33:51+00:00\" \/>\n<meta name=\"twitter:card\" content=\"summary_large_image\" \/>\n<meta name=\"twitter:label1\" content=\"Dur\u00e9e de lecture estim\u00e9e\" \/>\n\t<meta name=\"twitter:data1\" content=\"1 minute\" \/>\n<script type=\"application\/ld+json\" class=\"yoast-schema-graph\">{\"@context\":\"https:\/\/schema.org\",\"@graph\":[{\"@type\":\"WebPage\",\"@id\":\"https:\/\/confluencedesdroits-larevue.com\/?page_id=3711\",\"url\":\"https:\/\/confluencedesdroits-larevue.com\/?page_id=3711\",\"name\":\"La r\u00e9gulation internationale de l\u2019IA\u00a0: enjeux et perspectives - Confluence des droits_La revue\",\"isPartOf\":{\"@id\":\"https:\/\/confluencedesdroits-larevue.com\/#website\"},\"datePublished\":\"2024-12-20T14:57:20+00:00\",\"dateModified\":\"2025-05-22T12:33:51+00:00\",\"breadcrumb\":{\"@id\":\"https:\/\/confluencedesdroits-larevue.com\/?page_id=3711#breadcrumb\"},\"inLanguage\":\"fr-FR\",\"potentialAction\":[{\"@type\":\"ReadAction\",\"target\":[\"https:\/\/confluencedesdroits-larevue.com\/?page_id=3711\"]}]},{\"@type\":\"BreadcrumbList\",\"@id\":\"https:\/\/confluencedesdroits-larevue.com\/?page_id=3711#breadcrumb\",\"itemListElement\":[{\"@type\":\"ListItem\",\"position\":1,\"name\":\"Accueil\",\"item\":\"https:\/\/confluencedesdroits-larevue.com\/\"},{\"@type\":\"ListItem\",\"position\":2,\"name\":\"Nos dossiers sp\u00e9ciaux\",\"item\":\"https:\/\/confluencedesdroits-larevue.com\/?page_id=1440\"},{\"@type\":\"ListItem\",\"position\":3,\"name\":\"La r\u00e9gulation internationale de l\u2019IA\u00a0: enjeux et perspectives\"}]},{\"@type\":\"WebSite\",\"@id\":\"https:\/\/confluencedesdroits-larevue.com\/#website\",\"url\":\"https:\/\/confluencedesdroits-larevue.com\/\",\"name\":\"Confluence des droits_La revue\",\"description\":\"UMR 7318 Droits International, Compar\u00e9 et Europ\u00e9en\",\"publisher\":{\"@id\":\"https:\/\/confluencedesdroits-larevue.com\/#organization\"},\"potentialAction\":[{\"@type\":\"SearchAction\",\"target\":{\"@type\":\"EntryPoint\",\"urlTemplate\":\"https:\/\/confluencedesdroits-larevue.com\/?s={search_term_string}\"},\"query-input\":\"required name=search_term_string\"}],\"inLanguage\":\"fr-FR\"},{\"@type\":\"Organization\",\"@id\":\"https:\/\/confluencedesdroits-larevue.com\/#organization\",\"name\":\"Confluence des droits_La revue\",\"url\":\"https:\/\/confluencedesdroits-larevue.com\/\",\"logo\":{\"@type\":\"ImageObject\",\"inLanguage\":\"fr-FR\",\"@id\":\"https:\/\/confluencedesdroits-larevue.com\/#\/schema\/logo\/image\/\",\"url\":\"https:\/\/confluencedesdroits-larevue.com\/wp-content\/uploads\/2024\/05\/Confluence-des-droits_La-revue.png\",\"contentUrl\":\"https:\/\/confluencedesdroits-larevue.com\/wp-content\/uploads\/2024\/05\/Confluence-des-droits_La-revue.png\",\"width\":3934,\"height\":613,\"caption\":\"Confluence des droits_La revue\"},\"image\":{\"@id\":\"https:\/\/confluencedesdroits-larevue.com\/#\/schema\/logo\/image\/\"}}]}<\/script>\n<!-- \/ Yoast SEO plugin. -->","yoast_head_json":{"title":"La r\u00e9gulation internationale de l\u2019IA\u00a0: enjeux et perspectives - Confluence des droits_La revue","robots":{"index":"index","follow":"follow","max-snippet":"max-snippet:-1","max-image-preview":"max-image-preview:large","max-video-preview":"max-video-preview:-1"},"canonical":"https:\/\/confluencedesdroits-larevue.com\/?page_id=3711","og_locale":"fr_FR","og_type":"article","og_title":"La r\u00e9gulation internationale de l\u2019IA\u00a0: enjeux et perspectives - Confluence des droits_La revue","og_description":"Dossier&nbsp;La r\u00e9gulation internationale de l\u2019IA&nbsp;: enjeux et perspectives coordonn\u00e9 par Audrey Bachert-Peretti, Ma\u00eetre de conf\u00e9rences, Aix Marseille Univ, CNRS, DICE, ILF, Aix-en-Provence, France et Rapha\u00ebl Dechaux, Ma\u00eetre de conf\u00e9rences HDR \u00e0 l\u2019Universit\u00e9 de Lorraine Nathan Cambien, David Newton \u2013 La r\u00e9gulation de l\u2019intelligence artificielle\u00a0: approches internationales et britannique Alexandre Stepanov \u2013 Vers l\u2019\u00e9mergence de nouveaux [&hellip;]","og_url":"https:\/\/confluencedesdroits-larevue.com\/?page_id=3711","og_site_name":"Confluence des droits_La revue","article_modified_time":"2025-05-22T12:33:51+00:00","twitter_card":"summary_large_image","twitter_misc":{"Dur\u00e9e de lecture estim\u00e9e":"1 minute"},"schema":{"@context":"https:\/\/schema.org","@graph":[{"@type":"WebPage","@id":"https:\/\/confluencedesdroits-larevue.com\/?page_id=3711","url":"https:\/\/confluencedesdroits-larevue.com\/?page_id=3711","name":"La r\u00e9gulation internationale de l\u2019IA\u00a0: enjeux et perspectives - Confluence des droits_La revue","isPartOf":{"@id":"https:\/\/confluencedesdroits-larevue.com\/#website"},"datePublished":"2024-12-20T14:57:20+00:00","dateModified":"2025-05-22T12:33:51+00:00","breadcrumb":{"@id":"https:\/\/confluencedesdroits-larevue.com\/?page_id=3711#breadcrumb"},"inLanguage":"fr-FR","potentialAction":[{"@type":"ReadAction","target":["https:\/\/confluencedesdroits-larevue.com\/?page_id=3711"]}]},{"@type":"BreadcrumbList","@id":"https:\/\/confluencedesdroits-larevue.com\/?page_id=3711#breadcrumb","itemListElement":[{"@type":"ListItem","position":1,"name":"Accueil","item":"https:\/\/confluencedesdroits-larevue.com\/"},{"@type":"ListItem","position":2,"name":"Nos dossiers sp\u00e9ciaux","item":"https:\/\/confluencedesdroits-larevue.com\/?page_id=1440"},{"@type":"ListItem","position":3,"name":"La r\u00e9gulation internationale de l\u2019IA\u00a0: enjeux et perspectives"}]},{"@type":"WebSite","@id":"https:\/\/confluencedesdroits-larevue.com\/#website","url":"https:\/\/confluencedesdroits-larevue.com\/","name":"Confluence des droits_La revue","description":"UMR 7318 Droits International, Compar\u00e9 et Europ\u00e9en","publisher":{"@id":"https:\/\/confluencedesdroits-larevue.com\/#organization"},"potentialAction":[{"@type":"SearchAction","target":{"@type":"EntryPoint","urlTemplate":"https:\/\/confluencedesdroits-larevue.com\/?s={search_term_string}"},"query-input":"required name=search_term_string"}],"inLanguage":"fr-FR"},{"@type":"Organization","@id":"https:\/\/confluencedesdroits-larevue.com\/#organization","name":"Confluence des droits_La revue","url":"https:\/\/confluencedesdroits-larevue.com\/","logo":{"@type":"ImageObject","inLanguage":"fr-FR","@id":"https:\/\/confluencedesdroits-larevue.com\/#\/schema\/logo\/image\/","url":"https:\/\/confluencedesdroits-larevue.com\/wp-content\/uploads\/2024\/05\/Confluence-des-droits_La-revue.png","contentUrl":"https:\/\/confluencedesdroits-larevue.com\/wp-content\/uploads\/2024\/05\/Confluence-des-droits_La-revue.png","width":3934,"height":613,"caption":"Confluence des droits_La revue"},"image":{"@id":"https:\/\/confluencedesdroits-larevue.com\/#\/schema\/logo\/image\/"}}]}},"post_mailing_queue_ids":[],"_links":{"self":[{"href":"https:\/\/confluencedesdroits-larevue.com\/index.php?rest_route=\/wp\/v2\/pages\/3711"}],"collection":[{"href":"https:\/\/confluencedesdroits-larevue.com\/index.php?rest_route=\/wp\/v2\/pages"}],"about":[{"href":"https:\/\/confluencedesdroits-larevue.com\/index.php?rest_route=\/wp\/v2\/types\/page"}],"author":[{"embeddable":true,"href":"https:\/\/confluencedesdroits-larevue.com\/index.php?rest_route=\/wp\/v2\/users\/2"}],"replies":[{"embeddable":true,"href":"https:\/\/confluencedesdroits-larevue.com\/index.php?rest_route=%2Fwp%2Fv2%2Fcomments&post=3711"}],"version-history":[{"count":8,"href":"https:\/\/confluencedesdroits-larevue.com\/index.php?rest_route=\/wp\/v2\/pages\/3711\/revisions"}],"predecessor-version":[{"id":4201,"href":"https:\/\/confluencedesdroits-larevue.com\/index.php?rest_route=\/wp\/v2\/pages\/3711\/revisions\/4201"}],"up":[{"embeddable":true,"href":"https:\/\/confluencedesdroits-larevue.com\/index.php?rest_route=\/wp\/v2\/pages\/1440"}],"wp:attachment":[{"href":"https:\/\/confluencedesdroits-larevue.com\/index.php?rest_route=%2Fwp%2Fv2%2Fmedia&parent=3711"}],"curies":[{"name":"wp","href":"https:\/\/api.w.org\/{rel}","templated":true}]}}