{"id":20,"date":"2019-08-27T08:28:30","date_gmt":"2019-08-27T06:28:30","guid":{"rendered":"http:\/\/confluencedesdroits-larevue.com\/index.php\/about\/"},"modified":"2025-11-17T15:51:33","modified_gmt":"2025-11-17T14:51:33","slug":"about","status":"publish","type":"page","link":"https:\/\/confluencedesdroits-larevue.com\/?page_id=20","title":{"rendered":"A propos"},"content":{"rendered":"\n<figure class=\"wp-block-image size-large\"><img decoding=\"async\" loading=\"lazy\" width=\"250\" height=\"154\" src=\"http:\/\/confluencedesdroits-larevue.com\/wp-content\/uploads\/2019\/12\/LOGO-petit-C-vert3-e1580722189157.png\" alt=\"\" class=\"wp-image-156\"\/><\/figure>\n\n\n\n<p><strong>Confluence des droits_La Revue<\/strong>  est une revue juridique exclusivement \u00e9lectronique avec comit\u00e9 de lecture en open-access,  pilot\u00e9e par le laboratoire Droits International, Compar\u00e9, Europ\u00e9en (<a aria-label=\"UMR DICE 7318 (s\u2019ouvre dans un nouvel onglet)\" href=\"https:\/\/dice.univ-amu.fr\/\" target=\"_blank\" rel=\"noreferrer noopener\">UMR DICE 7318<\/a>, CNRS, Aix-Marseille Universit\u00e9, Universit\u00e9 de Toulon, Universit\u00e9 de Pau et des pays de l\u2019Adour, Sciences Po Aix). <br>N\u00b0 ISSN 2681-8302 <br><br>\u00a4 <a href=\"http:\/\/confluencedesdroits-larevue.com\/?page_id=129\">Qui sommes nous ?<\/a><br>\u00a4 <a href=\"http:\/\/confluencedesdroits-larevue.com\/?page_id=137\">Nos formats et contenus<\/a><br>\u00a4 <a href=\"http:\/\/confluencedesdroits-larevue.com\/?page_id=132\">Notre politique \u00e9ditoriale<\/a><br>\u00a4 <a href=\"http:\/\/confluencedesdroits-larevue.com\/?page_id=672\">Nous proposer une contribution<\/a><\/p>\n\n\n\n<p>Vous souhaitez <strong>en savoir plus <\/strong>? <\/p>\n\n\n\n<p>Depuis novembre 2025, <strong>Confluence des droits_La Revue<\/strong> est reconnue et labellis\u00e9e par le Minist\u00e8re italien de l\u2019Enseignement sup\u00e9rieur et de la Recherche (ANVUR \u2013 Agenzia nazionale di valutazione del sistema universitario e della ricerca) comme r\u00e9pondant \u00e0 l\u2019ensemble des crit\u00e8res permettant son classement en tant que revue scientifique, au sein de la section 12 (droit).<\/p>\n\n\n\n<p><strong>DICE \u00c9ditions, <\/strong>c&rsquo;est aussi<strong> Confluence des droits, <a href=\"https:\/\/books.openedition.org\/dice\/\" class=\"ek-link\">collection d\u2019ouvrages num\u00e9riques en open-access<\/a>,<\/strong> disponible sur OpenEdition.<strong> <\/strong><\/p>\n","protected":false},"excerpt":{"rendered":"<p>Confluence des droits_La Revue est une revue juridique exclusivement \u00e9lectronique avec comit\u00e9 de lecture en open-access, pilot\u00e9e par le laboratoire Droits International, Compar\u00e9, Europ\u00e9en (UMR DICE 7318, CNRS, Aix-Marseille Universit\u00e9, Universit\u00e9 de Toulon, Universit\u00e9 de Pau et des pays de l\u2019Adour, Sciences Po Aix). N\u00b0 ISSN 2681-8302 \u00a4 Qui sommes nous ?\u00a4 Nos formats et [&hellip;]<\/p>\n","protected":false},"author":1,"featured_media":0,"parent":0,"menu_order":0,"comment_status":"closed","ping_status":"closed","template":"","meta":{"_editorskit_title_hidden":false,"_editorskit_reading_time":0,"_editorskit_is_block_options_detached":false,"_editorskit_block_options_position":"{}","footnotes":""},"yoast_head":"<!-- This site is optimized with the Yoast SEO plugin v21.0 - https:\/\/yoast.com\/wordpress\/plugins\/seo\/ -->\n<title>A propos - Confluence des droits_La revue<\/title>\n<meta name=\"robots\" content=\"index, follow, max-snippet:-1, max-image-preview:large, max-video-preview:-1\" \/>\n<link rel=\"canonical\" href=\"https:\/\/confluencedesdroits-larevue.com\/?page_id=20\" \/>\n<meta property=\"og:locale\" content=\"fr_FR\" \/>\n<meta property=\"og:type\" content=\"article\" \/>\n<meta property=\"og:title\" content=\"A propos - Confluence des droits_La revue\" \/>\n<meta property=\"og:description\" content=\"Confluence des droits_La Revue est une revue juridique exclusivement \u00e9lectronique avec comit\u00e9 de lecture en open-access, pilot\u00e9e par le laboratoire Droits International, Compar\u00e9, Europ\u00e9en (UMR DICE 7318, CNRS, Aix-Marseille Universit\u00e9, Universit\u00e9 de Toulon, Universit\u00e9 de Pau et des pays de l\u2019Adour, Sciences Po Aix). N\u00b0 ISSN 2681-8302 \u00a4 Qui sommes nous ?\u00a4 Nos formats et [&hellip;]\" \/>\n<meta property=\"og:url\" content=\"https:\/\/confluencedesdroits-larevue.com\/?page_id=20\" \/>\n<meta property=\"og:site_name\" content=\"Confluence des droits_La revue\" \/>\n<meta property=\"article:modified_time\" content=\"2025-11-17T14:51:33+00:00\" \/>\n<meta property=\"og:image\" content=\"http:\/\/confluencedesdroits-larevue.com\/wp-content\/uploads\/2019\/12\/LOGO-petit-C-vert3-e1580722189157.png\" \/>\n<meta name=\"twitter:card\" content=\"summary_large_image\" \/>\n<meta name=\"twitter:label1\" content=\"Dur\u00e9e de lecture estim\u00e9e\" \/>\n\t<meta name=\"twitter:data1\" content=\"1 minute\" \/>\n<script type=\"application\/ld+json\" class=\"yoast-schema-graph\">{\"@context\":\"https:\/\/schema.org\",\"@graph\":[{\"@type\":\"WebPage\",\"@id\":\"https:\/\/confluencedesdroits-larevue.com\/?page_id=20\",\"url\":\"https:\/\/confluencedesdroits-larevue.com\/?page_id=20\",\"name\":\"A propos - Confluence des droits_La revue\",\"isPartOf\":{\"@id\":\"https:\/\/confluencedesdroits-larevue.com\/#website\"},\"datePublished\":\"2019-08-27T06:28:30+00:00\",\"dateModified\":\"2025-11-17T14:51:33+00:00\",\"breadcrumb\":{\"@id\":\"https:\/\/confluencedesdroits-larevue.com\/?page_id=20#breadcrumb\"},\"inLanguage\":\"fr-FR\",\"potentialAction\":[{\"@type\":\"ReadAction\",\"target\":[\"https:\/\/confluencedesdroits-larevue.com\/?page_id=20\"]}]},{\"@type\":\"BreadcrumbList\",\"@id\":\"https:\/\/confluencedesdroits-larevue.com\/?page_id=20#breadcrumb\",\"itemListElement\":[{\"@type\":\"ListItem\",\"position\":1,\"name\":\"Accueil\",\"item\":\"https:\/\/confluencedesdroits-larevue.com\/\"},{\"@type\":\"ListItem\",\"position\":2,\"name\":\"A propos\"}]},{\"@type\":\"WebSite\",\"@id\":\"https:\/\/confluencedesdroits-larevue.com\/#website\",\"url\":\"https:\/\/confluencedesdroits-larevue.com\/\",\"name\":\"Confluence des droits_La revue\",\"description\":\"UMR 7318 Droits International, Compar\u00e9 et Europ\u00e9en\",\"publisher\":{\"@id\":\"https:\/\/confluencedesdroits-larevue.com\/#organization\"},\"potentialAction\":[{\"@type\":\"SearchAction\",\"target\":{\"@type\":\"EntryPoint\",\"urlTemplate\":\"https:\/\/confluencedesdroits-larevue.com\/?s={search_term_string}\"},\"query-input\":\"required name=search_term_string\"}],\"inLanguage\":\"fr-FR\"},{\"@type\":\"Organization\",\"@id\":\"https:\/\/confluencedesdroits-larevue.com\/#organization\",\"name\":\"Confluence des droits_La revue\",\"url\":\"https:\/\/confluencedesdroits-larevue.com\/\",\"logo\":{\"@type\":\"ImageObject\",\"inLanguage\":\"fr-FR\",\"@id\":\"https:\/\/confluencedesdroits-larevue.com\/#\/schema\/logo\/image\/\",\"url\":\"https:\/\/confluencedesdroits-larevue.com\/wp-content\/uploads\/2024\/05\/Confluence-des-droits_La-revue.png\",\"contentUrl\":\"https:\/\/confluencedesdroits-larevue.com\/wp-content\/uploads\/2024\/05\/Confluence-des-droits_La-revue.png\",\"width\":3934,\"height\":613,\"caption\":\"Confluence des droits_La revue\"},\"image\":{\"@id\":\"https:\/\/confluencedesdroits-larevue.com\/#\/schema\/logo\/image\/\"}}]}<\/script>\n<!-- \/ Yoast SEO plugin. -->","yoast_head_json":{"title":"A propos - Confluence des droits_La revue","robots":{"index":"index","follow":"follow","max-snippet":"max-snippet:-1","max-image-preview":"max-image-preview:large","max-video-preview":"max-video-preview:-1"},"canonical":"https:\/\/confluencedesdroits-larevue.com\/?page_id=20","og_locale":"fr_FR","og_type":"article","og_title":"A propos - Confluence des droits_La revue","og_description":"Confluence des droits_La Revue est une revue juridique exclusivement \u00e9lectronique avec comit\u00e9 de lecture en open-access, pilot\u00e9e par le laboratoire Droits International, Compar\u00e9, Europ\u00e9en (UMR DICE 7318, CNRS, Aix-Marseille Universit\u00e9, Universit\u00e9 de Toulon, Universit\u00e9 de Pau et des pays de l\u2019Adour, Sciences Po Aix). N\u00b0 ISSN 2681-8302 \u00a4 Qui sommes nous ?\u00a4 Nos formats et [&hellip;]","og_url":"https:\/\/confluencedesdroits-larevue.com\/?page_id=20","og_site_name":"Confluence des droits_La revue","article_modified_time":"2025-11-17T14:51:33+00:00","og_image":[{"url":"http:\/\/confluencedesdroits-larevue.com\/wp-content\/uploads\/2019\/12\/LOGO-petit-C-vert3-e1580722189157.png"}],"twitter_card":"summary_large_image","twitter_misc":{"Dur\u00e9e de lecture estim\u00e9e":"1 minute"},"schema":{"@context":"https:\/\/schema.org","@graph":[{"@type":"WebPage","@id":"https:\/\/confluencedesdroits-larevue.com\/?page_id=20","url":"https:\/\/confluencedesdroits-larevue.com\/?page_id=20","name":"A propos - Confluence des droits_La revue","isPartOf":{"@id":"https:\/\/confluencedesdroits-larevue.com\/#website"},"datePublished":"2019-08-27T06:28:30+00:00","dateModified":"2025-11-17T14:51:33+00:00","breadcrumb":{"@id":"https:\/\/confluencedesdroits-larevue.com\/?page_id=20#breadcrumb"},"inLanguage":"fr-FR","potentialAction":[{"@type":"ReadAction","target":["https:\/\/confluencedesdroits-larevue.com\/?page_id=20"]}]},{"@type":"BreadcrumbList","@id":"https:\/\/confluencedesdroits-larevue.com\/?page_id=20#breadcrumb","itemListElement":[{"@type":"ListItem","position":1,"name":"Accueil","item":"https:\/\/confluencedesdroits-larevue.com\/"},{"@type":"ListItem","position":2,"name":"A propos"}]},{"@type":"WebSite","@id":"https:\/\/confluencedesdroits-larevue.com\/#website","url":"https:\/\/confluencedesdroits-larevue.com\/","name":"Confluence des droits_La revue","description":"UMR 7318 Droits International, Compar\u00e9 et Europ\u00e9en","publisher":{"@id":"https:\/\/confluencedesdroits-larevue.com\/#organization"},"potentialAction":[{"@type":"SearchAction","target":{"@type":"EntryPoint","urlTemplate":"https:\/\/confluencedesdroits-larevue.com\/?s={search_term_string}"},"query-input":"required name=search_term_string"}],"inLanguage":"fr-FR"},{"@type":"Organization","@id":"https:\/\/confluencedesdroits-larevue.com\/#organization","name":"Confluence des droits_La revue","url":"https:\/\/confluencedesdroits-larevue.com\/","logo":{"@type":"ImageObject","inLanguage":"fr-FR","@id":"https:\/\/confluencedesdroits-larevue.com\/#\/schema\/logo\/image\/","url":"https:\/\/confluencedesdroits-larevue.com\/wp-content\/uploads\/2024\/05\/Confluence-des-droits_La-revue.png","contentUrl":"https:\/\/confluencedesdroits-larevue.com\/wp-content\/uploads\/2024\/05\/Confluence-des-droits_La-revue.png","width":3934,"height":613,"caption":"Confluence des droits_La revue"},"image":{"@id":"https:\/\/confluencedesdroits-larevue.com\/#\/schema\/logo\/image\/"}}]}},"post_mailing_queue_ids":[],"_links":{"self":[{"href":"https:\/\/confluencedesdroits-larevue.com\/index.php?rest_route=\/wp\/v2\/pages\/20"}],"collection":[{"href":"https:\/\/confluencedesdroits-larevue.com\/index.php?rest_route=\/wp\/v2\/pages"}],"about":[{"href":"https:\/\/confluencedesdroits-larevue.com\/index.php?rest_route=\/wp\/v2\/types\/page"}],"author":[{"embeddable":true,"href":"https:\/\/confluencedesdroits-larevue.com\/index.php?rest_route=\/wp\/v2\/users\/1"}],"replies":[{"embeddable":true,"href":"https:\/\/confluencedesdroits-larevue.com\/index.php?rest_route=%2Fwp%2Fv2%2Fcomments&post=20"}],"version-history":[{"count":16,"href":"https:\/\/confluencedesdroits-larevue.com\/index.php?rest_route=\/wp\/v2\/pages\/20\/revisions"}],"predecessor-version":[{"id":5005,"href":"https:\/\/confluencedesdroits-larevue.com\/index.php?rest_route=\/wp\/v2\/pages\/20\/revisions\/5005"}],"wp:attachment":[{"href":"https:\/\/confluencedesdroits-larevue.com\/index.php?rest_route=%2Fwp%2Fv2%2Fmedia&parent=20"}],"curies":[{"name":"wp","href":"https:\/\/api.w.org\/{rel}","templated":true}]}}