{"id":2,"date":"2019-07-15T15:35:39","date_gmt":"2019-07-15T13:35:39","guid":{"rendered":"http:\/\/confluencedesdroits-larevue.com\/?page_id=2"},"modified":"2019-12-18T14:08:02","modified_gmt":"2019-12-18T13:08:02","slug":"lirevoir","status":"publish","type":"page","link":"https:\/\/confluencedesdroits-larevue.com\/?page_id=2","title":{"rendered":"A lire, \u00e0 voir, \u00e0 \u00e9couter"},"content":{"rendered":"<ul class=\"wp-block-categories-list alignleft wp-block-categories\">\t<li class=\"cat-item cat-item-5\"><a href=\"https:\/\/confluencedesdroits-larevue.com\/?cat=5\">Actu<\/a> (108)\n<\/li>\n\t<li class=\"cat-item cat-item-3\"><a href=\"https:\/\/confluencedesdroits-larevue.com\/?cat=3\">Articles<\/a> (103)\n<\/li>\n\t<li class=\"cat-item cat-item-4\"><a href=\"https:\/\/confluencedesdroits-larevue.com\/?cat=4\">Conf\u00e9rences en vid\u00e9o<\/a> (33)\n<\/li>\n\t<li class=\"cat-item cat-item-13\"><a href=\"https:\/\/confluencedesdroits-larevue.com\/?cat=13\">Dossier<\/a> (68)\n<\/li>\n\t<li class=\"cat-item cat-item-6\"><a href=\"https:\/\/confluencedesdroits-larevue.com\/?cat=6\">Entretiens<\/a> (13)\n<\/li>\n<\/ul>\n\n\n<h4 class=\"wp-block-heading\"><strong>Derniers ajouts<\/strong><\/h4>\n\n\n\n<p><\/p>\n\n\n<ul class=\"wp-block-latest-posts__list alignleft wp-block-latest-posts\"><li><a class=\"wp-block-latest-posts__post-title\" href=\"https:\/\/confluencedesdroits-larevue.com\/?p=4611\">Xavier Magnon \u2013 Commentaire de l\u2019article du Doyen Louis\u00a0Favoreu \u00ab\u00a0Le Conseil constitutionnel, 3<sup>e<\/sup>\u00a0chambre du\u00a0Parlement, ultime raffinement du parlementarisme rationalis\u00e9\u00a0\u00bb, <em>RD publ.<\/em> 1967, p.\u00a05-120, in <em>Les grands discours de\u00a0la culture juridique<\/em>, sous la direction de X.\u00a0Magnon et\u00a0A.\u00a0Roblot-Troizier, Dalloz, Grands arr\u00eats, 2017, 1<sup>re<\/sup>\u00a0\u00e9dition, p.\u00a0866-887<\/a><\/li>\n<li><a class=\"wp-block-latest-posts__post-title\" href=\"https:\/\/confluencedesdroits-larevue.com\/?p=4610\">Pierre-Yves Gahdoun \u2013 Si la crise de 1929 n\u2019avait pas eu lieu\u2026<\/a><\/li>\n<li><a class=\"wp-block-latest-posts__post-title\" href=\"https:\/\/confluencedesdroits-larevue.com\/?p=4609\">Chlo\u00eb Geynet-Dussauze \u2013 S\u2019il te pla\u00eet\u2026 Dessine-moi la\u00a0V<sup>e<\/sup>\u00a0R\u00e9publique sans article\u00a049, alin\u00e9a\u00a03<\/a><\/li>\n<li><a class=\"wp-block-latest-posts__post-title\" href=\"https:\/\/confluencedesdroits-larevue.com\/?p=4608\">Philippe Blach\u00e8r \u2013 Moi, pr\u00e9sidente de\u00a0la\u00a0R\u00e9publique\u2026<\/a><\/li>\n<li><a class=\"wp-block-latest-posts__post-title\" href=\"https:\/\/confluencedesdroits-larevue.com\/?p=4607\">Jean-\u00c9ric Gicquel \u2013 Et si le Parlement de la V<sup>e<\/sup>\u00a0R\u00e9publique avait \u00e9t\u00e9 monocam\u00e9ral\u00a0?<\/a><\/li>\n<\/ul>","protected":false},"excerpt":{"rendered":"<p>Derniers ajouts<\/p>\n","protected":false},"author":1,"featured_media":0,"parent":0,"menu_order":0,"comment_status":"closed","ping_status":"open","template":"","meta":{"_editorskit_title_hidden":false,"_editorskit_reading_time":0,"_editorskit_is_block_options_detached":false,"_editorskit_block_options_position":"{}","footnotes":""},"yoast_head":"<!-- This site is optimized with the Yoast SEO plugin v21.0 - https:\/\/yoast.com\/wordpress\/plugins\/seo\/ -->\n<title>A lire, \u00e0 voir, \u00e0 \u00e9couter - Confluence des droits_La revue<\/title>\n<meta name=\"robots\" content=\"index, follow, max-snippet:-1, max-image-preview:large, max-video-preview:-1\" \/>\n<link rel=\"canonical\" href=\"https:\/\/confluencedesdroits-larevue.com\/?page_id=2\" \/>\n<meta property=\"og:locale\" content=\"fr_FR\" \/>\n<meta property=\"og:type\" content=\"article\" \/>\n<meta property=\"og:title\" content=\"A lire, \u00e0 voir, \u00e0 \u00e9couter - Confluence des droits_La revue\" \/>\n<meta property=\"og:description\" content=\"Derniers ajouts\" \/>\n<meta property=\"og:url\" content=\"https:\/\/confluencedesdroits-larevue.com\/?page_id=2\" \/>\n<meta property=\"og:site_name\" content=\"Confluence des droits_La revue\" \/>\n<meta property=\"article:modified_time\" content=\"2019-12-18T13:08:02+00:00\" \/>\n<meta name=\"twitter:card\" content=\"summary_large_image\" \/>\n<script type=\"application\/ld+json\" class=\"yoast-schema-graph\">{\"@context\":\"https:\/\/schema.org\",\"@graph\":[{\"@type\":[\"WebPage\",\"CollectionPage\"],\"@id\":\"https:\/\/confluencedesdroits-larevue.com\/?page_id=2\",\"url\":\"https:\/\/confluencedesdroits-larevue.com\/?page_id=2\",\"name\":\"A lire, \u00e0 voir, \u00e0 \u00e9couter - Confluence des droits_La revue\",\"isPartOf\":{\"@id\":\"https:\/\/confluencedesdroits-larevue.com\/#website\"},\"datePublished\":\"2019-07-15T13:35:39+00:00\",\"dateModified\":\"2019-12-18T13:08:02+00:00\",\"breadcrumb\":{\"@id\":\"https:\/\/confluencedesdroits-larevue.com\/?page_id=2#breadcrumb\"},\"inLanguage\":\"fr-FR\"},{\"@type\":\"BreadcrumbList\",\"@id\":\"https:\/\/confluencedesdroits-larevue.com\/?page_id=2#breadcrumb\",\"itemListElement\":[{\"@type\":\"ListItem\",\"position\":1,\"name\":\"Accueil\",\"item\":\"https:\/\/confluencedesdroits-larevue.com\/\"},{\"@type\":\"ListItem\",\"position\":2,\"name\":\"A lire, \u00e0 voir, \u00e0 \u00e9couter\"}]},{\"@type\":\"WebSite\",\"@id\":\"https:\/\/confluencedesdroits-larevue.com\/#website\",\"url\":\"https:\/\/confluencedesdroits-larevue.com\/\",\"name\":\"Confluence des droits_La revue\",\"description\":\"UMR 7318 Droits International, Compar\u00e9 et Europ\u00e9en\",\"publisher\":{\"@id\":\"https:\/\/confluencedesdroits-larevue.com\/#organization\"},\"potentialAction\":[{\"@type\":\"SearchAction\",\"target\":{\"@type\":\"EntryPoint\",\"urlTemplate\":\"https:\/\/confluencedesdroits-larevue.com\/?s={search_term_string}\"},\"query-input\":\"required name=search_term_string\"}],\"inLanguage\":\"fr-FR\"},{\"@type\":\"Organization\",\"@id\":\"https:\/\/confluencedesdroits-larevue.com\/#organization\",\"name\":\"Confluence des droits_La revue\",\"url\":\"https:\/\/confluencedesdroits-larevue.com\/\",\"logo\":{\"@type\":\"ImageObject\",\"inLanguage\":\"fr-FR\",\"@id\":\"https:\/\/confluencedesdroits-larevue.com\/#\/schema\/logo\/image\/\",\"url\":\"https:\/\/confluencedesdroits-larevue.com\/wp-content\/uploads\/2024\/05\/Confluence-des-droits_La-revue.png\",\"contentUrl\":\"https:\/\/confluencedesdroits-larevue.com\/wp-content\/uploads\/2024\/05\/Confluence-des-droits_La-revue.png\",\"width\":3934,\"height\":613,\"caption\":\"Confluence des droits_La revue\"},\"image\":{\"@id\":\"https:\/\/confluencedesdroits-larevue.com\/#\/schema\/logo\/image\/\"}}]}<\/script>\n<!-- \/ Yoast SEO plugin. -->","yoast_head_json":{"title":"A lire, \u00e0 voir, \u00e0 \u00e9couter - Confluence des droits_La revue","robots":{"index":"index","follow":"follow","max-snippet":"max-snippet:-1","max-image-preview":"max-image-preview:large","max-video-preview":"max-video-preview:-1"},"canonical":"https:\/\/confluencedesdroits-larevue.com\/?page_id=2","og_locale":"fr_FR","og_type":"article","og_title":"A lire, \u00e0 voir, \u00e0 \u00e9couter - Confluence des droits_La revue","og_description":"Derniers ajouts","og_url":"https:\/\/confluencedesdroits-larevue.com\/?page_id=2","og_site_name":"Confluence des droits_La revue","article_modified_time":"2019-12-18T13:08:02+00:00","twitter_card":"summary_large_image","schema":{"@context":"https:\/\/schema.org","@graph":[{"@type":["WebPage","CollectionPage"],"@id":"https:\/\/confluencedesdroits-larevue.com\/?page_id=2","url":"https:\/\/confluencedesdroits-larevue.com\/?page_id=2","name":"A lire, \u00e0 voir, \u00e0 \u00e9couter - Confluence des droits_La revue","isPartOf":{"@id":"https:\/\/confluencedesdroits-larevue.com\/#website"},"datePublished":"2019-07-15T13:35:39+00:00","dateModified":"2019-12-18T13:08:02+00:00","breadcrumb":{"@id":"https:\/\/confluencedesdroits-larevue.com\/?page_id=2#breadcrumb"},"inLanguage":"fr-FR"},{"@type":"BreadcrumbList","@id":"https:\/\/confluencedesdroits-larevue.com\/?page_id=2#breadcrumb","itemListElement":[{"@type":"ListItem","position":1,"name":"Accueil","item":"https:\/\/confluencedesdroits-larevue.com\/"},{"@type":"ListItem","position":2,"name":"A lire, \u00e0 voir, \u00e0 \u00e9couter"}]},{"@type":"WebSite","@id":"https:\/\/confluencedesdroits-larevue.com\/#website","url":"https:\/\/confluencedesdroits-larevue.com\/","name":"Confluence des droits_La revue","description":"UMR 7318 Droits International, Compar\u00e9 et Europ\u00e9en","publisher":{"@id":"https:\/\/confluencedesdroits-larevue.com\/#organization"},"potentialAction":[{"@type":"SearchAction","target":{"@type":"EntryPoint","urlTemplate":"https:\/\/confluencedesdroits-larevue.com\/?s={search_term_string}"},"query-input":"required name=search_term_string"}],"inLanguage":"fr-FR"},{"@type":"Organization","@id":"https:\/\/confluencedesdroits-larevue.com\/#organization","name":"Confluence des droits_La revue","url":"https:\/\/confluencedesdroits-larevue.com\/","logo":{"@type":"ImageObject","inLanguage":"fr-FR","@id":"https:\/\/confluencedesdroits-larevue.com\/#\/schema\/logo\/image\/","url":"https:\/\/confluencedesdroits-larevue.com\/wp-content\/uploads\/2024\/05\/Confluence-des-droits_La-revue.png","contentUrl":"https:\/\/confluencedesdroits-larevue.com\/wp-content\/uploads\/2024\/05\/Confluence-des-droits_La-revue.png","width":3934,"height":613,"caption":"Confluence des droits_La revue"},"image":{"@id":"https:\/\/confluencedesdroits-larevue.com\/#\/schema\/logo\/image\/"}}]}},"post_mailing_queue_ids":[],"_links":{"self":[{"href":"https:\/\/confluencedesdroits-larevue.com\/index.php?rest_route=\/wp\/v2\/pages\/2"}],"collection":[{"href":"https:\/\/confluencedesdroits-larevue.com\/index.php?rest_route=\/wp\/v2\/pages"}],"about":[{"href":"https:\/\/confluencedesdroits-larevue.com\/index.php?rest_route=\/wp\/v2\/types\/page"}],"author":[{"embeddable":true,"href":"https:\/\/confluencedesdroits-larevue.com\/index.php?rest_route=\/wp\/v2\/users\/1"}],"replies":[{"embeddable":true,"href":"https:\/\/confluencedesdroits-larevue.com\/index.php?rest_route=%2Fwp%2Fv2%2Fcomments&post=2"}],"version-history":[{"count":4,"href":"https:\/\/confluencedesdroits-larevue.com\/index.php?rest_route=\/wp\/v2\/pages\/2\/revisions"}],"predecessor-version":[{"id":499,"href":"https:\/\/confluencedesdroits-larevue.com\/index.php?rest_route=\/wp\/v2\/pages\/2\/revisions\/499"}],"wp:attachment":[{"href":"https:\/\/confluencedesdroits-larevue.com\/index.php?rest_route=%2Fwp%2Fv2%2Fmedia&parent=2"}],"curies":[{"name":"wp","href":"https:\/\/api.w.org\/{rel}","templated":true}]}}