{"id":1444,"date":"2021-03-19T16:37:55","date_gmt":"2021-03-19T15:37:55","guid":{"rendered":"https:\/\/confluencedesdroits-larevue.com\/?page_id=1444"},"modified":"2021-03-25T15:25:34","modified_gmt":"2021-03-25T14:25:34","slug":"covid-19-et-droit","status":"publish","type":"page","link":"https:\/\/confluencedesdroits-larevue.com\/?page_id=1444","title":{"rendered":"Covid-19 et droit"},"content":{"rendered":"\n<p class=\"has-text-color\" style=\"color:#2b7b9d;font-size:22px\"><strong><span style=\"color:#2b7b9d\" class=\"has-inline-color\">Dossier \u00c9tat de droit, d\u00e9mocratie et droits fondamentaux face \u00e0 la pand\u00e9mie de Covid-19\u00a0<\/span><\/strong><\/p>\n\n\n\n<p>coordonn\u00e9 par <strong>Laurence Gay<\/strong>, Charg\u00e9e de recherche au CNRS et <strong>Caterina Severino<\/strong>, Professeur \u00e0 l\u2019Universit\u00e9 de Toulon<\/p>\n\n\n\n<div style=\"height:22px\" aria-hidden=\"true\" class=\"wp-block-spacer\"><\/div>\n\n\n\n<p><\/p>\n\n\n\n<p class=\"has-text-color\" style=\"color:#2b7b9d;font-size:17px\"><strong><span style=\"color:#2b7b9d\" class=\"has-inline-color\">Gestion de la crise sanitaire en France : de quelques probl\u00e9matiques pos\u00e9es par la COVID-19<\/span><\/strong><\/p>\n\n\n\n<p><a href=\"https:\/\/confluencedesdroits-larevue.com\/?p=1275\"><strong>P. Jensel-Monge &amp; A. de Montis<\/strong> : La lutte contre la crise sanitaire provoqu\u00e9e par la Covid-19,  un repositionnement strat\u00e9gique du Parlement au sein des institutions<\/a><\/p>\n\n\n\n<p><\/p>\n\n\n\n<p><a href=\"https:\/\/confluencedesdroits-larevue.com\/?p=1250\"><strong>G. de Saint-Val Moutsinga<\/strong>, La force obligatoire du contrat face \u00e0 la covid-19 : fragilisation d\u2019un monstre sacr\u00e9 du droit \u00e0 l\u2019\u00e9preuve d\u2019un virus ou l\u2019impossible ex\u00e9cution des baux en cours ?<\/a><\/p>\n\n\n\n<p><\/p>\n\n\n\n<p><a href=\"https:\/\/confluencedesdroits-larevue.com\/?p=1397\"><strong>A. Bachert-Peretti<\/strong><\/a>, <a href=\"https:\/\/confluencedesdroits-larevue.com\/?p=1397\">L\u2019application STOPCOVID \u2013 Quels enjeux juridiques&nbsp;?<\/a><\/p>\n\n\n\n<p><\/p>\n\n\n\n<div style=\"height:22px\" aria-hidden=\"true\" class=\"wp-block-spacer\"><\/div>\n\n\n\n<p style=\"font-size:17px\"><strong><span style=\"color:#2b7b9d\" class=\"has-inline-color\">Gestion de la crise sanitaire : quelles exp\u00e9riences \u00e0 l&rsquo;\u00e9tranger ?<\/span><\/strong><\/p>\n\n\n\n<p><a href=\"https:\/\/confluencedesdroits-larevue.com\/?p=1354\"><strong>M. Verdussen<\/strong>, La Constitution belge face \u00e0 la pand\u00e9mie de Covid-19<\/a><\/p>\n\n\n\n<p><\/p>\n\n\n\n<p><a href=\"https:\/\/confluencedesdroits-larevue.com\/?p=1337\"><strong>C.E. Nikolaidis-Lefran\u00e7ois<\/strong>, D\u00e9mocratie, \u00c9tat de droit et droits fondamentaux face \u00e0 la pand\u00e9mie de Covid-19. La situation en Gr\u00e8ce<\/a><\/p>\n\n\n\n<p><\/p>\n\n\n\n<p><a href=\"https:\/\/confluencedesdroits-larevue.com\/?p=1206\"><strong>M. Hottelier<\/strong>, D\u00e9mocratie, \u00c9tat de droit et droits fondamentaux face \u00e0 la pand\u00e9mie de Covid-19 \u2013 La situation en Suisse<\/a><\/p>\n\n\n\n<p><\/p>\n\n\n\n<p> <a href=\"https:\/\/confluencedesdroits-larevue.com\/?p=1260\"><strong>A. Duffy-Meunier<\/strong>, La lutte contre le coronavirus et les droits et libert\u00e9s au Royaume-Uni. La d\u00e9mocratie britannique face \u00e0 l\u2019urgence sanitaire<\/a><\/p>\n\n\n\n<p><\/p>\n\n\n\n<p><a href=\"https:\/\/confluencedesdroits-larevue.com\/?p=1374\"><strong>A.M. Lecis Cocco Ortu<\/strong>, Le Parlement italien \u00e0 l\u2019\u00e8re du Covid-19 : le t\u00e9l\u00e9travail comme alternative \u00e0 l\u2019effacement?<\/a><\/p>\n\n\n\n<div style=\"height:22px\" aria-hidden=\"true\" class=\"wp-block-spacer\"><\/div>\n\n\n\n<p style=\"font-size:17px\"><strong><span style=\"color:#2b7b9d\" class=\"has-inline-color\">Gestion de la crise sanitaire et Convention europ\u00e9enne des droits de l&rsquo;Homme<\/span><\/strong><\/p>\n\n\n\n<p><a href=\"https:\/\/confluencedesdroits-larevue.com\/?p=1239\"><strong>M. Gudzenko<\/strong>, Quelle immunit\u00e9 des droits de l\u2019homme face \u00e0 la pand\u00e9mie ? \u00c0 propos de la valeur ajout\u00e9e de la d\u00e9rogation pr\u00e9vue \u00e0 l\u2019article 15 de la Convention europ\u00e9enne des droits de l\u2019homme<\/a><\/p>\n","protected":false},"excerpt":{"rendered":"<p>Dossier \u00c9tat de droit, d\u00e9mocratie et droits fondamentaux face \u00e0 la pand\u00e9mie de Covid-19\u00a0 coordonn\u00e9 par Laurence Gay, Charg\u00e9e de recherche au CNRS et Caterina Severino, Professeur \u00e0 l\u2019Universit\u00e9 de Toulon Gestion de la crise sanitaire en France : de quelques probl\u00e9matiques pos\u00e9es par la COVID-19 P. Jensel-Monge &amp; A. de Montis : La lutte [&hellip;]<\/p>\n","protected":false},"author":1,"featured_media":0,"parent":1440,"menu_order":0,"comment_status":"closed","ping_status":"closed","template":"","meta":{"_editorskit_title_hidden":false,"_editorskit_reading_time":0,"_editorskit_is_block_options_detached":false,"_editorskit_block_options_position":"{}","footnotes":""},"yoast_head":"<!-- This site is optimized with the Yoast SEO plugin v21.0 - https:\/\/yoast.com\/wordpress\/plugins\/seo\/ -->\n<title>Covid-19 et droit - Confluence des droits_La revue<\/title>\n<meta name=\"robots\" content=\"index, follow, max-snippet:-1, max-image-preview:large, max-video-preview:-1\" \/>\n<link rel=\"canonical\" href=\"https:\/\/confluencedesdroits-larevue.com\/?page_id=1444\" \/>\n<meta property=\"og:locale\" content=\"fr_FR\" \/>\n<meta property=\"og:type\" content=\"article\" \/>\n<meta property=\"og:title\" content=\"Covid-19 et droit - Confluence des droits_La revue\" \/>\n<meta property=\"og:description\" content=\"Dossier \u00c9tat de droit, d\u00e9mocratie et droits fondamentaux face \u00e0 la pand\u00e9mie de Covid-19\u00a0 coordonn\u00e9 par Laurence Gay, Charg\u00e9e de recherche au CNRS et Caterina Severino, Professeur \u00e0 l\u2019Universit\u00e9 de Toulon Gestion de la crise sanitaire en France : de quelques probl\u00e9matiques pos\u00e9es par la COVID-19 P. Jensel-Monge &amp; A. de Montis : La lutte [&hellip;]\" \/>\n<meta property=\"og:url\" content=\"https:\/\/confluencedesdroits-larevue.com\/?page_id=1444\" \/>\n<meta property=\"og:site_name\" content=\"Confluence des droits_La revue\" \/>\n<meta property=\"article:modified_time\" content=\"2021-03-25T14:25:34+00:00\" \/>\n<meta name=\"twitter:card\" content=\"summary_large_image\" \/>\n<meta name=\"twitter:label1\" content=\"Dur\u00e9e de lecture estim\u00e9e\" \/>\n\t<meta name=\"twitter:data1\" content=\"2 minutes\" \/>\n<script type=\"application\/ld+json\" class=\"yoast-schema-graph\">{\"@context\":\"https:\/\/schema.org\",\"@graph\":[{\"@type\":\"WebPage\",\"@id\":\"https:\/\/confluencedesdroits-larevue.com\/?page_id=1444\",\"url\":\"https:\/\/confluencedesdroits-larevue.com\/?page_id=1444\",\"name\":\"Covid-19 et droit - Confluence des droits_La revue\",\"isPartOf\":{\"@id\":\"https:\/\/confluencedesdroits-larevue.com\/#website\"},\"datePublished\":\"2021-03-19T15:37:55+00:00\",\"dateModified\":\"2021-03-25T14:25:34+00:00\",\"breadcrumb\":{\"@id\":\"https:\/\/confluencedesdroits-larevue.com\/?page_id=1444#breadcrumb\"},\"inLanguage\":\"fr-FR\",\"potentialAction\":[{\"@type\":\"ReadAction\",\"target\":[\"https:\/\/confluencedesdroits-larevue.com\/?page_id=1444\"]}]},{\"@type\":\"BreadcrumbList\",\"@id\":\"https:\/\/confluencedesdroits-larevue.com\/?page_id=1444#breadcrumb\",\"itemListElement\":[{\"@type\":\"ListItem\",\"position\":1,\"name\":\"Accueil\",\"item\":\"https:\/\/confluencedesdroits-larevue.com\/\"},{\"@type\":\"ListItem\",\"position\":2,\"name\":\"Nos dossiers sp\u00e9ciaux\",\"item\":\"https:\/\/confluencedesdroits-larevue.com\/?page_id=1440\"},{\"@type\":\"ListItem\",\"position\":3,\"name\":\"Covid-19 et droit\"}]},{\"@type\":\"WebSite\",\"@id\":\"https:\/\/confluencedesdroits-larevue.com\/#website\",\"url\":\"https:\/\/confluencedesdroits-larevue.com\/\",\"name\":\"Confluence des droits_La revue\",\"description\":\"UMR 7318 Droits International, Compar\u00e9 et Europ\u00e9en\",\"publisher\":{\"@id\":\"https:\/\/confluencedesdroits-larevue.com\/#organization\"},\"potentialAction\":[{\"@type\":\"SearchAction\",\"target\":{\"@type\":\"EntryPoint\",\"urlTemplate\":\"https:\/\/confluencedesdroits-larevue.com\/?s={search_term_string}\"},\"query-input\":\"required name=search_term_string\"}],\"inLanguage\":\"fr-FR\"},{\"@type\":\"Organization\",\"@id\":\"https:\/\/confluencedesdroits-larevue.com\/#organization\",\"name\":\"Confluence des droits_La revue\",\"url\":\"https:\/\/confluencedesdroits-larevue.com\/\",\"logo\":{\"@type\":\"ImageObject\",\"inLanguage\":\"fr-FR\",\"@id\":\"https:\/\/confluencedesdroits-larevue.com\/#\/schema\/logo\/image\/\",\"url\":\"https:\/\/confluencedesdroits-larevue.com\/wp-content\/uploads\/2024\/05\/Confluence-des-droits_La-revue.png\",\"contentUrl\":\"https:\/\/confluencedesdroits-larevue.com\/wp-content\/uploads\/2024\/05\/Confluence-des-droits_La-revue.png\",\"width\":3934,\"height\":613,\"caption\":\"Confluence des droits_La revue\"},\"image\":{\"@id\":\"https:\/\/confluencedesdroits-larevue.com\/#\/schema\/logo\/image\/\"}}]}<\/script>\n<!-- \/ Yoast SEO plugin. -->","yoast_head_json":{"title":"Covid-19 et droit - Confluence des droits_La revue","robots":{"index":"index","follow":"follow","max-snippet":"max-snippet:-1","max-image-preview":"max-image-preview:large","max-video-preview":"max-video-preview:-1"},"canonical":"https:\/\/confluencedesdroits-larevue.com\/?page_id=1444","og_locale":"fr_FR","og_type":"article","og_title":"Covid-19 et droit - Confluence des droits_La revue","og_description":"Dossier \u00c9tat de droit, d\u00e9mocratie et droits fondamentaux face \u00e0 la pand\u00e9mie de Covid-19\u00a0 coordonn\u00e9 par Laurence Gay, Charg\u00e9e de recherche au CNRS et Caterina Severino, Professeur \u00e0 l\u2019Universit\u00e9 de Toulon Gestion de la crise sanitaire en France : de quelques probl\u00e9matiques pos\u00e9es par la COVID-19 P. Jensel-Monge &amp; A. de Montis : La lutte [&hellip;]","og_url":"https:\/\/confluencedesdroits-larevue.com\/?page_id=1444","og_site_name":"Confluence des droits_La revue","article_modified_time":"2021-03-25T14:25:34+00:00","twitter_card":"summary_large_image","twitter_misc":{"Dur\u00e9e de lecture estim\u00e9e":"2 minutes"},"schema":{"@context":"https:\/\/schema.org","@graph":[{"@type":"WebPage","@id":"https:\/\/confluencedesdroits-larevue.com\/?page_id=1444","url":"https:\/\/confluencedesdroits-larevue.com\/?page_id=1444","name":"Covid-19 et droit - Confluence des droits_La revue","isPartOf":{"@id":"https:\/\/confluencedesdroits-larevue.com\/#website"},"datePublished":"2021-03-19T15:37:55+00:00","dateModified":"2021-03-25T14:25:34+00:00","breadcrumb":{"@id":"https:\/\/confluencedesdroits-larevue.com\/?page_id=1444#breadcrumb"},"inLanguage":"fr-FR","potentialAction":[{"@type":"ReadAction","target":["https:\/\/confluencedesdroits-larevue.com\/?page_id=1444"]}]},{"@type":"BreadcrumbList","@id":"https:\/\/confluencedesdroits-larevue.com\/?page_id=1444#breadcrumb","itemListElement":[{"@type":"ListItem","position":1,"name":"Accueil","item":"https:\/\/confluencedesdroits-larevue.com\/"},{"@type":"ListItem","position":2,"name":"Nos dossiers sp\u00e9ciaux","item":"https:\/\/confluencedesdroits-larevue.com\/?page_id=1440"},{"@type":"ListItem","position":3,"name":"Covid-19 et droit"}]},{"@type":"WebSite","@id":"https:\/\/confluencedesdroits-larevue.com\/#website","url":"https:\/\/confluencedesdroits-larevue.com\/","name":"Confluence des droits_La revue","description":"UMR 7318 Droits International, Compar\u00e9 et Europ\u00e9en","publisher":{"@id":"https:\/\/confluencedesdroits-larevue.com\/#organization"},"potentialAction":[{"@type":"SearchAction","target":{"@type":"EntryPoint","urlTemplate":"https:\/\/confluencedesdroits-larevue.com\/?s={search_term_string}"},"query-input":"required name=search_term_string"}],"inLanguage":"fr-FR"},{"@type":"Organization","@id":"https:\/\/confluencedesdroits-larevue.com\/#organization","name":"Confluence des droits_La revue","url":"https:\/\/confluencedesdroits-larevue.com\/","logo":{"@type":"ImageObject","inLanguage":"fr-FR","@id":"https:\/\/confluencedesdroits-larevue.com\/#\/schema\/logo\/image\/","url":"https:\/\/confluencedesdroits-larevue.com\/wp-content\/uploads\/2024\/05\/Confluence-des-droits_La-revue.png","contentUrl":"https:\/\/confluencedesdroits-larevue.com\/wp-content\/uploads\/2024\/05\/Confluence-des-droits_La-revue.png","width":3934,"height":613,"caption":"Confluence des droits_La revue"},"image":{"@id":"https:\/\/confluencedesdroits-larevue.com\/#\/schema\/logo\/image\/"}}]}},"post_mailing_queue_ids":[],"_links":{"self":[{"href":"https:\/\/confluencedesdroits-larevue.com\/index.php?rest_route=\/wp\/v2\/pages\/1444"}],"collection":[{"href":"https:\/\/confluencedesdroits-larevue.com\/index.php?rest_route=\/wp\/v2\/pages"}],"about":[{"href":"https:\/\/confluencedesdroits-larevue.com\/index.php?rest_route=\/wp\/v2\/types\/page"}],"author":[{"embeddable":true,"href":"https:\/\/confluencedesdroits-larevue.com\/index.php?rest_route=\/wp\/v2\/users\/1"}],"replies":[{"embeddable":true,"href":"https:\/\/confluencedesdroits-larevue.com\/index.php?rest_route=%2Fwp%2Fv2%2Fcomments&post=1444"}],"version-history":[{"count":30,"href":"https:\/\/confluencedesdroits-larevue.com\/index.php?rest_route=\/wp\/v2\/pages\/1444\/revisions"}],"predecessor-version":[{"id":1548,"href":"https:\/\/confluencedesdroits-larevue.com\/index.php?rest_route=\/wp\/v2\/pages\/1444\/revisions\/1548"}],"up":[{"embeddable":true,"href":"https:\/\/confluencedesdroits-larevue.com\/index.php?rest_route=\/wp\/v2\/pages\/1440"}],"wp:attachment":[{"href":"https:\/\/confluencedesdroits-larevue.com\/index.php?rest_route=%2Fwp%2Fv2%2Fmedia&parent=1444"}],"curies":[{"name":"wp","href":"https:\/\/api.w.org\/{rel}","templated":true}]}}