{"id":137,"date":"2019-08-28T12:24:36","date_gmt":"2019-08-28T10:24:36","guid":{"rendered":"http:\/\/confluencedesdroits-larevue.com\/?page_id=137"},"modified":"2025-03-11T16:04:18","modified_gmt":"2025-03-11T15:04:18","slug":"nos-contenus","status":"publish","type":"page","link":"https:\/\/confluencedesdroits-larevue.com\/?page_id=137","title":{"rendered":"Format et contenus"},"content":{"rendered":"\n<p><strong>Confluence des droits_La revue<\/strong> est une nouvelle revue enti\u00e8rement num\u00e9rique lanc\u00e9e par le laboratoire Droits International, Compar\u00e9, Europ\u00e9en (<a aria-label=\"UMR DICE 7318 (s\u2019ouvre dans un nouvel onglet)\" href=\"https:\/\/dice.univ-amu.fr\/\" target=\"_blank\" rel=\"noreferrer noopener\">UMR DICE 7318<\/a>, CNRS, Aix-Marseille Universit\u00e9, Universit\u00e9 de Toulon, Universit\u00e9 de Pau et des pays de l\u2019Adour et Sciences Po Aix).<\/p>\n\n\n\n<p><strong>Confluence des droits_La revue<\/strong> a vocation \u00e0 accueillir des contenus vari\u00e9s en fran\u00e7ais et en anglais \u00ab\u00a0\u00e0 lire, \u00e0 voir, \u00e0 \u00e9couter\u00a0\u00bb\u00a0: articles, entretiens, vid\u00e9os de conf\u00e9rences &#8211; notamment des captations des s\u00e9ances du s\u00e9minaire mensuel de DICE- , ainsi que des vid\u00e9os plus courtes ou des podcasts. <\/p>\n\n\n\n<p><strong>Confluence des droits_La revue<\/strong> est enti\u00e8rement en libre acc\u00e8s sous licence <em>Creative Commons<\/em>. Tout en prot\u00e9geant les droits d\u2019auteur, ce syst\u00e8me favorise leur libre diffusion. <\/p>\n\n\n\n<figure class=\"wp-block-image size-full is-resized is-style-default\"><img decoding=\"async\" loading=\"lazy\" width=\"350\" height=\"123\" src=\"https:\/\/confluencedesdroits-larevue.com\/wp-content\/uploads\/2025\/03\/image.png\" alt=\"\" class=\"wp-image-4049\" style=\"aspect-ratio:2.845528455284553;width:199px;height:auto\" srcset=\"https:\/\/confluencedesdroits-larevue.com\/wp-content\/uploads\/2025\/03\/image.png 350w, https:\/\/confluencedesdroits-larevue.com\/wp-content\/uploads\/2025\/03\/image-300x105.png 300w, https:\/\/confluencedesdroits-larevue.com\/wp-content\/uploads\/2025\/03\/image-150x53.png 150w\" sizes=\"(max-width: 350px) 100vw, 350px\" \/><\/figure>\n\n\n\n<p><\/p>\n","protected":false},"excerpt":{"rendered":"<p>Confluence des droits_La revue est une nouvelle revue enti\u00e8rement num\u00e9rique lanc\u00e9e par le laboratoire Droits International, Compar\u00e9, Europ\u00e9en (UMR DICE 7318, CNRS, Aix-Marseille Universit\u00e9, Universit\u00e9 de Toulon, Universit\u00e9 de Pau et des pays de l\u2019Adour et Sciences Po Aix). Confluence des droits_La revue a vocation \u00e0 accueillir des contenus vari\u00e9s en fran\u00e7ais et en anglais [&hellip;]<\/p>\n","protected":false},"author":1,"featured_media":0,"parent":0,"menu_order":0,"comment_status":"closed","ping_status":"closed","template":"","meta":{"_editorskit_title_hidden":false,"_editorskit_reading_time":0,"_editorskit_is_block_options_detached":false,"_editorskit_block_options_position":"{}","footnotes":""},"yoast_head":"<!-- This site is optimized with the Yoast SEO plugin v21.0 - https:\/\/yoast.com\/wordpress\/plugins\/seo\/ -->\n<title>Format et contenus - Confluence des droits_La revue<\/title>\n<meta name=\"robots\" content=\"index, follow, max-snippet:-1, max-image-preview:large, max-video-preview:-1\" \/>\n<link rel=\"canonical\" href=\"https:\/\/confluencedesdroits-larevue.com\/?page_id=137\" \/>\n<meta property=\"og:locale\" content=\"fr_FR\" \/>\n<meta property=\"og:type\" content=\"article\" \/>\n<meta property=\"og:title\" content=\"Format et contenus - Confluence des droits_La revue\" \/>\n<meta property=\"og:description\" content=\"Confluence des droits_La revue est une nouvelle revue enti\u00e8rement num\u00e9rique lanc\u00e9e par le laboratoire Droits International, Compar\u00e9, Europ\u00e9en (UMR DICE 7318, CNRS, Aix-Marseille Universit\u00e9, Universit\u00e9 de Toulon, Universit\u00e9 de Pau et des pays de l\u2019Adour et Sciences Po Aix). Confluence des droits_La revue a vocation \u00e0 accueillir des contenus vari\u00e9s en fran\u00e7ais et en anglais [&hellip;]\" \/>\n<meta property=\"og:url\" content=\"https:\/\/confluencedesdroits-larevue.com\/?page_id=137\" \/>\n<meta property=\"og:site_name\" content=\"Confluence des droits_La revue\" \/>\n<meta property=\"article:modified_time\" content=\"2025-03-11T15:04:18+00:00\" \/>\n<meta property=\"og:image\" content=\"https:\/\/confluencedesdroits-larevue.com\/wp-content\/uploads\/2025\/03\/image.png\" \/>\n<meta name=\"twitter:card\" content=\"summary_large_image\" \/>\n<meta name=\"twitter:label1\" content=\"Dur\u00e9e de lecture estim\u00e9e\" \/>\n\t<meta name=\"twitter:data1\" content=\"1 minute\" \/>\n<script type=\"application\/ld+json\" class=\"yoast-schema-graph\">{\"@context\":\"https:\/\/schema.org\",\"@graph\":[{\"@type\":\"WebPage\",\"@id\":\"https:\/\/confluencedesdroits-larevue.com\/?page_id=137\",\"url\":\"https:\/\/confluencedesdroits-larevue.com\/?page_id=137\",\"name\":\"Format et contenus - Confluence des droits_La revue\",\"isPartOf\":{\"@id\":\"https:\/\/confluencedesdroits-larevue.com\/#website\"},\"datePublished\":\"2019-08-28T10:24:36+00:00\",\"dateModified\":\"2025-03-11T15:04:18+00:00\",\"breadcrumb\":{\"@id\":\"https:\/\/confluencedesdroits-larevue.com\/?page_id=137#breadcrumb\"},\"inLanguage\":\"fr-FR\",\"potentialAction\":[{\"@type\":\"ReadAction\",\"target\":[\"https:\/\/confluencedesdroits-larevue.com\/?page_id=137\"]}]},{\"@type\":\"BreadcrumbList\",\"@id\":\"https:\/\/confluencedesdroits-larevue.com\/?page_id=137#breadcrumb\",\"itemListElement\":[{\"@type\":\"ListItem\",\"position\":1,\"name\":\"Accueil\",\"item\":\"https:\/\/confluencedesdroits-larevue.com\/\"},{\"@type\":\"ListItem\",\"position\":2,\"name\":\"Format et contenus\"}]},{\"@type\":\"WebSite\",\"@id\":\"https:\/\/confluencedesdroits-larevue.com\/#website\",\"url\":\"https:\/\/confluencedesdroits-larevue.com\/\",\"name\":\"Confluence des droits_La revue\",\"description\":\"UMR 7318 Droits International, Compar\u00e9 et Europ\u00e9en\",\"publisher\":{\"@id\":\"https:\/\/confluencedesdroits-larevue.com\/#organization\"},\"potentialAction\":[{\"@type\":\"SearchAction\",\"target\":{\"@type\":\"EntryPoint\",\"urlTemplate\":\"https:\/\/confluencedesdroits-larevue.com\/?s={search_term_string}\"},\"query-input\":\"required name=search_term_string\"}],\"inLanguage\":\"fr-FR\"},{\"@type\":\"Organization\",\"@id\":\"https:\/\/confluencedesdroits-larevue.com\/#organization\",\"name\":\"Confluence des droits_La revue\",\"url\":\"https:\/\/confluencedesdroits-larevue.com\/\",\"logo\":{\"@type\":\"ImageObject\",\"inLanguage\":\"fr-FR\",\"@id\":\"https:\/\/confluencedesdroits-larevue.com\/#\/schema\/logo\/image\/\",\"url\":\"https:\/\/confluencedesdroits-larevue.com\/wp-content\/uploads\/2024\/05\/Confluence-des-droits_La-revue.png\",\"contentUrl\":\"https:\/\/confluencedesdroits-larevue.com\/wp-content\/uploads\/2024\/05\/Confluence-des-droits_La-revue.png\",\"width\":3934,\"height\":613,\"caption\":\"Confluence des droits_La revue\"},\"image\":{\"@id\":\"https:\/\/confluencedesdroits-larevue.com\/#\/schema\/logo\/image\/\"}}]}<\/script>\n<!-- \/ Yoast SEO plugin. -->","yoast_head_json":{"title":"Format et contenus - Confluence des droits_La revue","robots":{"index":"index","follow":"follow","max-snippet":"max-snippet:-1","max-image-preview":"max-image-preview:large","max-video-preview":"max-video-preview:-1"},"canonical":"https:\/\/confluencedesdroits-larevue.com\/?page_id=137","og_locale":"fr_FR","og_type":"article","og_title":"Format et contenus - Confluence des droits_La revue","og_description":"Confluence des droits_La revue est une nouvelle revue enti\u00e8rement num\u00e9rique lanc\u00e9e par le laboratoire Droits International, Compar\u00e9, Europ\u00e9en (UMR DICE 7318, CNRS, Aix-Marseille Universit\u00e9, Universit\u00e9 de Toulon, Universit\u00e9 de Pau et des pays de l\u2019Adour et Sciences Po Aix). Confluence des droits_La revue a vocation \u00e0 accueillir des contenus vari\u00e9s en fran\u00e7ais et en anglais [&hellip;]","og_url":"https:\/\/confluencedesdroits-larevue.com\/?page_id=137","og_site_name":"Confluence des droits_La revue","article_modified_time":"2025-03-11T15:04:18+00:00","og_image":[{"url":"https:\/\/confluencedesdroits-larevue.com\/wp-content\/uploads\/2025\/03\/image.png"}],"twitter_card":"summary_large_image","twitter_misc":{"Dur\u00e9e de lecture estim\u00e9e":"1 minute"},"schema":{"@context":"https:\/\/schema.org","@graph":[{"@type":"WebPage","@id":"https:\/\/confluencedesdroits-larevue.com\/?page_id=137","url":"https:\/\/confluencedesdroits-larevue.com\/?page_id=137","name":"Format et contenus - Confluence des droits_La revue","isPartOf":{"@id":"https:\/\/confluencedesdroits-larevue.com\/#website"},"datePublished":"2019-08-28T10:24:36+00:00","dateModified":"2025-03-11T15:04:18+00:00","breadcrumb":{"@id":"https:\/\/confluencedesdroits-larevue.com\/?page_id=137#breadcrumb"},"inLanguage":"fr-FR","potentialAction":[{"@type":"ReadAction","target":["https:\/\/confluencedesdroits-larevue.com\/?page_id=137"]}]},{"@type":"BreadcrumbList","@id":"https:\/\/confluencedesdroits-larevue.com\/?page_id=137#breadcrumb","itemListElement":[{"@type":"ListItem","position":1,"name":"Accueil","item":"https:\/\/confluencedesdroits-larevue.com\/"},{"@type":"ListItem","position":2,"name":"Format et contenus"}]},{"@type":"WebSite","@id":"https:\/\/confluencedesdroits-larevue.com\/#website","url":"https:\/\/confluencedesdroits-larevue.com\/","name":"Confluence des droits_La revue","description":"UMR 7318 Droits International, Compar\u00e9 et Europ\u00e9en","publisher":{"@id":"https:\/\/confluencedesdroits-larevue.com\/#organization"},"potentialAction":[{"@type":"SearchAction","target":{"@type":"EntryPoint","urlTemplate":"https:\/\/confluencedesdroits-larevue.com\/?s={search_term_string}"},"query-input":"required name=search_term_string"}],"inLanguage":"fr-FR"},{"@type":"Organization","@id":"https:\/\/confluencedesdroits-larevue.com\/#organization","name":"Confluence des droits_La revue","url":"https:\/\/confluencedesdroits-larevue.com\/","logo":{"@type":"ImageObject","inLanguage":"fr-FR","@id":"https:\/\/confluencedesdroits-larevue.com\/#\/schema\/logo\/image\/","url":"https:\/\/confluencedesdroits-larevue.com\/wp-content\/uploads\/2024\/05\/Confluence-des-droits_La-revue.png","contentUrl":"https:\/\/confluencedesdroits-larevue.com\/wp-content\/uploads\/2024\/05\/Confluence-des-droits_La-revue.png","width":3934,"height":613,"caption":"Confluence des droits_La revue"},"image":{"@id":"https:\/\/confluencedesdroits-larevue.com\/#\/schema\/logo\/image\/"}}]}},"post_mailing_queue_ids":[],"_links":{"self":[{"href":"https:\/\/confluencedesdroits-larevue.com\/index.php?rest_route=\/wp\/v2\/pages\/137"}],"collection":[{"href":"https:\/\/confluencedesdroits-larevue.com\/index.php?rest_route=\/wp\/v2\/pages"}],"about":[{"href":"https:\/\/confluencedesdroits-larevue.com\/index.php?rest_route=\/wp\/v2\/types\/page"}],"author":[{"embeddable":true,"href":"https:\/\/confluencedesdroits-larevue.com\/index.php?rest_route=\/wp\/v2\/users\/1"}],"replies":[{"embeddable":true,"href":"https:\/\/confluencedesdroits-larevue.com\/index.php?rest_route=%2Fwp%2Fv2%2Fcomments&post=137"}],"version-history":[{"count":9,"href":"https:\/\/confluencedesdroits-larevue.com\/index.php?rest_route=\/wp\/v2\/pages\/137\/revisions"}],"predecessor-version":[{"id":4053,"href":"https:\/\/confluencedesdroits-larevue.com\/index.php?rest_route=\/wp\/v2\/pages\/137\/revisions\/4053"}],"wp:attachment":[{"href":"https:\/\/confluencedesdroits-larevue.com\/index.php?rest_route=%2Fwp%2Fv2%2Fmedia&parent=137"}],"curies":[{"name":"wp","href":"https:\/\/api.w.org\/{rel}","templated":true}]}}