{"id":129,"date":"2019-08-28T12:19:18","date_gmt":"2019-08-28T10:19:18","guid":{"rendered":"http:\/\/confluencedesdroits-larevue.com\/?page_id=129"},"modified":"2025-03-27T16:57:54","modified_gmt":"2025-03-27T15:57:54","slug":"equipe","status":"publish","type":"page","link":"https:\/\/confluencedesdroits-larevue.com\/?page_id=129","title":{"rendered":"\u00c9quipe"},"content":{"rendered":"\n<p class=\"has-background\" style=\"background-color:#d2eeff\"><strong>Directrices de la publication<\/strong>&nbsp;: Marthe Fatin-Rouge Stefanini et Sandrine Maljean-Dubois, Directrices de recherche au CNRS<\/p>\n\n\n\n<p class=\"has-very-light-gray-background-color has-background\"><strong>Secr\u00e9tariat de r\u00e9daction<\/strong>&nbsp;: Donia Landoulsi, C\u00e9dric Hamel<\/p>\n\n\n\n<p class=\"has-background\" style=\"background-color:#d2eeff\"><strong>Comit\u00e9 de r\u00e9daction&nbsp;:&nbsp;<\/strong>Alain Boyer (Universit\u00e9 de Toulon), Estelle Brosset (Aix-Marseille Universit\u00e9), Laura Canali (Universit\u00e9 de N\u00eemes), Damien Connil (CNRS et Universit\u00e9 de Pau et des pays de l\u2019Adour), Aur\u00e9lie Duffy-Meunier (Aix-Marseille Universit\u00e9), Pascal Gauttier (Aix-Marseille Universit\u00e9), Laurence Gay (CNRS et Aix-Marseille Universit\u00e9), \u00c9lo\u00efse Gennet (Aix-Marseille Universit\u00e9), Aur\u00e9lie Mahalatchimy (CNRS et Aix-Marseille Universit\u00e9), Sophie Lamouroux (Aix-Marseille Universit\u00e9), Xavier Magnon (Aix-Marseille Universit\u00e9), Priscilla Jensel-Monge (Aix-Marseille Universit\u00e9), Nathalie Rubio (Aix-Marseille Universit\u00e9), Sylvie Schmitt (Universit\u00e9 de Toulon), Caterina Severino (Sciences Po Aix), Akila Taleb-Karlsson (Universit\u00e9 de Toulon), \u00c8ve Truilh\u00e9 (CNRS et Aix-Marseille Universit\u00e9). <\/p>\n\n\n\n<p class=\"has-very-light-gray-background-color has-background\"><strong>Comit\u00e9 scientifique\u00a0:<\/strong>\u00a0Fr\u00e9d\u00e9ric Joel Aivo\u00a0 (Universit\u00e9 d\u2019Abomey-Calavi), Jean-Sylvestre Berg\u00e9 (Universit\u00e9 C\u00f4te d&rsquo;Azur, Institut universitaire de France), Jean-Claude Bonichot, Juge \u00e0 la Cour de Justice de l\u2019Union europ\u00e9enne, Laurence Boisson de Chazournes (Universit\u00e9 de Gen\u00e8ve), Thierry Di Manno (Universit\u00e9 de Toulon), Anne Levade (Universit\u00e9 Paris Est-Cr\u00e9teil, Pr\u00e9sidente de l&rsquo;Association Fran\u00e7aise de Droit Constitutionnel), Xavier Magnon (Aix-Marseille Universit\u00e9), Olivier Lecucq (Universit\u00e9 de Pau et des pays de l\u2019Adour), Jean-Jacques Pardini (Universit\u00e9 de Toulon), Paolo Passaglia (Universit\u00e9 de Pise), Anne Peters (Directrice du Max Planck Institute for Comparative Public Law and International Law, Heidelberg), Marie-Claire Ponthoreau (Universit\u00e9 de Bordeaux), Maxime St-Hilaire (Universit\u00e9 de Sherbrooke), Mindy Roseman (Universit\u00e9 de Yale),  \u00c8ve Truilh\u00e9 (CNRS &amp; Aix-Marseille Universit\u00e9).<\/p>\n","protected":false},"excerpt":{"rendered":"<p>Directrices de la publication&nbsp;: Marthe Fatin-Rouge Stefanini et Sandrine Maljean-Dubois, Directrices de recherche au CNRS Secr\u00e9tariat de r\u00e9daction&nbsp;: Donia Landoulsi, C\u00e9dric Hamel Comit\u00e9 de r\u00e9daction&nbsp;:&nbsp;Alain Boyer (Universit\u00e9 de Toulon), Estelle Brosset (Aix-Marseille Universit\u00e9), Laura Canali (Universit\u00e9 de N\u00eemes), Damien Connil (CNRS et Universit\u00e9 de Pau et des pays de l\u2019Adour), Aur\u00e9lie Duffy-Meunier (Aix-Marseille Universit\u00e9), Pascal [&hellip;]<\/p>\n","protected":false},"author":1,"featured_media":0,"parent":0,"menu_order":0,"comment_status":"closed","ping_status":"closed","template":"","meta":{"_editorskit_title_hidden":false,"_editorskit_reading_time":0,"_editorskit_is_block_options_detached":false,"_editorskit_block_options_position":"{}","footnotes":""},"yoast_head":"<!-- This site is optimized with the Yoast SEO plugin v21.0 - https:\/\/yoast.com\/wordpress\/plugins\/seo\/ -->\n<title>\u00c9quipe - Confluence des droits_La revue<\/title>\n<meta name=\"robots\" content=\"index, follow, max-snippet:-1, max-image-preview:large, max-video-preview:-1\" \/>\n<link rel=\"canonical\" href=\"https:\/\/confluencedesdroits-larevue.com\/?page_id=129\" \/>\n<meta property=\"og:locale\" content=\"fr_FR\" \/>\n<meta property=\"og:type\" content=\"article\" \/>\n<meta property=\"og:title\" content=\"\u00c9quipe - Confluence des droits_La revue\" \/>\n<meta property=\"og:description\" content=\"Directrices de la publication&nbsp;: Marthe Fatin-Rouge Stefanini et Sandrine Maljean-Dubois, Directrices de recherche au CNRS Secr\u00e9tariat de r\u00e9daction&nbsp;: Donia Landoulsi, C\u00e9dric Hamel Comit\u00e9 de r\u00e9daction&nbsp;:&nbsp;Alain Boyer (Universit\u00e9 de Toulon), Estelle Brosset (Aix-Marseille Universit\u00e9), Laura Canali (Universit\u00e9 de N\u00eemes), Damien Connil (CNRS et Universit\u00e9 de Pau et des pays de l\u2019Adour), Aur\u00e9lie Duffy-Meunier (Aix-Marseille Universit\u00e9), Pascal [&hellip;]\" \/>\n<meta property=\"og:url\" content=\"https:\/\/confluencedesdroits-larevue.com\/?page_id=129\" \/>\n<meta property=\"og:site_name\" content=\"Confluence des droits_La revue\" \/>\n<meta property=\"article:modified_time\" content=\"2025-03-27T15:57:54+00:00\" \/>\n<meta name=\"twitter:card\" content=\"summary_large_image\" \/>\n<meta name=\"twitter:label1\" content=\"Dur\u00e9e de lecture estim\u00e9e\" \/>\n\t<meta name=\"twitter:data1\" content=\"2 minutes\" \/>\n<script type=\"application\/ld+json\" class=\"yoast-schema-graph\">{\"@context\":\"https:\/\/schema.org\",\"@graph\":[{\"@type\":\"WebPage\",\"@id\":\"https:\/\/confluencedesdroits-larevue.com\/?page_id=129\",\"url\":\"https:\/\/confluencedesdroits-larevue.com\/?page_id=129\",\"name\":\"\u00c9quipe - Confluence des droits_La revue\",\"isPartOf\":{\"@id\":\"https:\/\/confluencedesdroits-larevue.com\/#website\"},\"datePublished\":\"2019-08-28T10:19:18+00:00\",\"dateModified\":\"2025-03-27T15:57:54+00:00\",\"breadcrumb\":{\"@id\":\"https:\/\/confluencedesdroits-larevue.com\/?page_id=129#breadcrumb\"},\"inLanguage\":\"fr-FR\",\"potentialAction\":[{\"@type\":\"ReadAction\",\"target\":[\"https:\/\/confluencedesdroits-larevue.com\/?page_id=129\"]}]},{\"@type\":\"BreadcrumbList\",\"@id\":\"https:\/\/confluencedesdroits-larevue.com\/?page_id=129#breadcrumb\",\"itemListElement\":[{\"@type\":\"ListItem\",\"position\":1,\"name\":\"Accueil\",\"item\":\"https:\/\/confluencedesdroits-larevue.com\/\"},{\"@type\":\"ListItem\",\"position\":2,\"name\":\"\u00c9quipe\"}]},{\"@type\":\"WebSite\",\"@id\":\"https:\/\/confluencedesdroits-larevue.com\/#website\",\"url\":\"https:\/\/confluencedesdroits-larevue.com\/\",\"name\":\"Confluence des droits_La revue\",\"description\":\"UMR 7318 Droits International, Compar\u00e9 et Europ\u00e9en\",\"publisher\":{\"@id\":\"https:\/\/confluencedesdroits-larevue.com\/#organization\"},\"potentialAction\":[{\"@type\":\"SearchAction\",\"target\":{\"@type\":\"EntryPoint\",\"urlTemplate\":\"https:\/\/confluencedesdroits-larevue.com\/?s={search_term_string}\"},\"query-input\":\"required name=search_term_string\"}],\"inLanguage\":\"fr-FR\"},{\"@type\":\"Organization\",\"@id\":\"https:\/\/confluencedesdroits-larevue.com\/#organization\",\"name\":\"Confluence des droits_La revue\",\"url\":\"https:\/\/confluencedesdroits-larevue.com\/\",\"logo\":{\"@type\":\"ImageObject\",\"inLanguage\":\"fr-FR\",\"@id\":\"https:\/\/confluencedesdroits-larevue.com\/#\/schema\/logo\/image\/\",\"url\":\"https:\/\/confluencedesdroits-larevue.com\/wp-content\/uploads\/2024\/05\/Confluence-des-droits_La-revue.png\",\"contentUrl\":\"https:\/\/confluencedesdroits-larevue.com\/wp-content\/uploads\/2024\/05\/Confluence-des-droits_La-revue.png\",\"width\":3934,\"height\":613,\"caption\":\"Confluence des droits_La revue\"},\"image\":{\"@id\":\"https:\/\/confluencedesdroits-larevue.com\/#\/schema\/logo\/image\/\"}}]}<\/script>\n<!-- \/ Yoast SEO plugin. -->","yoast_head_json":{"title":"\u00c9quipe - Confluence des droits_La revue","robots":{"index":"index","follow":"follow","max-snippet":"max-snippet:-1","max-image-preview":"max-image-preview:large","max-video-preview":"max-video-preview:-1"},"canonical":"https:\/\/confluencedesdroits-larevue.com\/?page_id=129","og_locale":"fr_FR","og_type":"article","og_title":"\u00c9quipe - Confluence des droits_La revue","og_description":"Directrices de la publication&nbsp;: Marthe Fatin-Rouge Stefanini et Sandrine Maljean-Dubois, Directrices de recherche au CNRS Secr\u00e9tariat de r\u00e9daction&nbsp;: Donia Landoulsi, C\u00e9dric Hamel Comit\u00e9 de r\u00e9daction&nbsp;:&nbsp;Alain Boyer (Universit\u00e9 de Toulon), Estelle Brosset (Aix-Marseille Universit\u00e9), Laura Canali (Universit\u00e9 de N\u00eemes), Damien Connil (CNRS et Universit\u00e9 de Pau et des pays de l\u2019Adour), Aur\u00e9lie Duffy-Meunier (Aix-Marseille Universit\u00e9), Pascal [&hellip;]","og_url":"https:\/\/confluencedesdroits-larevue.com\/?page_id=129","og_site_name":"Confluence des droits_La revue","article_modified_time":"2025-03-27T15:57:54+00:00","twitter_card":"summary_large_image","twitter_misc":{"Dur\u00e9e de lecture estim\u00e9e":"2 minutes"},"schema":{"@context":"https:\/\/schema.org","@graph":[{"@type":"WebPage","@id":"https:\/\/confluencedesdroits-larevue.com\/?page_id=129","url":"https:\/\/confluencedesdroits-larevue.com\/?page_id=129","name":"\u00c9quipe - Confluence des droits_La revue","isPartOf":{"@id":"https:\/\/confluencedesdroits-larevue.com\/#website"},"datePublished":"2019-08-28T10:19:18+00:00","dateModified":"2025-03-27T15:57:54+00:00","breadcrumb":{"@id":"https:\/\/confluencedesdroits-larevue.com\/?page_id=129#breadcrumb"},"inLanguage":"fr-FR","potentialAction":[{"@type":"ReadAction","target":["https:\/\/confluencedesdroits-larevue.com\/?page_id=129"]}]},{"@type":"BreadcrumbList","@id":"https:\/\/confluencedesdroits-larevue.com\/?page_id=129#breadcrumb","itemListElement":[{"@type":"ListItem","position":1,"name":"Accueil","item":"https:\/\/confluencedesdroits-larevue.com\/"},{"@type":"ListItem","position":2,"name":"\u00c9quipe"}]},{"@type":"WebSite","@id":"https:\/\/confluencedesdroits-larevue.com\/#website","url":"https:\/\/confluencedesdroits-larevue.com\/","name":"Confluence des droits_La revue","description":"UMR 7318 Droits International, Compar\u00e9 et Europ\u00e9en","publisher":{"@id":"https:\/\/confluencedesdroits-larevue.com\/#organization"},"potentialAction":[{"@type":"SearchAction","target":{"@type":"EntryPoint","urlTemplate":"https:\/\/confluencedesdroits-larevue.com\/?s={search_term_string}"},"query-input":"required name=search_term_string"}],"inLanguage":"fr-FR"},{"@type":"Organization","@id":"https:\/\/confluencedesdroits-larevue.com\/#organization","name":"Confluence des droits_La revue","url":"https:\/\/confluencedesdroits-larevue.com\/","logo":{"@type":"ImageObject","inLanguage":"fr-FR","@id":"https:\/\/confluencedesdroits-larevue.com\/#\/schema\/logo\/image\/","url":"https:\/\/confluencedesdroits-larevue.com\/wp-content\/uploads\/2024\/05\/Confluence-des-droits_La-revue.png","contentUrl":"https:\/\/confluencedesdroits-larevue.com\/wp-content\/uploads\/2024\/05\/Confluence-des-droits_La-revue.png","width":3934,"height":613,"caption":"Confluence des droits_La revue"},"image":{"@id":"https:\/\/confluencedesdroits-larevue.com\/#\/schema\/logo\/image\/"}}]}},"post_mailing_queue_ids":[],"_links":{"self":[{"href":"https:\/\/confluencedesdroits-larevue.com\/index.php?rest_route=\/wp\/v2\/pages\/129"}],"collection":[{"href":"https:\/\/confluencedesdroits-larevue.com\/index.php?rest_route=\/wp\/v2\/pages"}],"about":[{"href":"https:\/\/confluencedesdroits-larevue.com\/index.php?rest_route=\/wp\/v2\/types\/page"}],"author":[{"embeddable":true,"href":"https:\/\/confluencedesdroits-larevue.com\/index.php?rest_route=\/wp\/v2\/users\/1"}],"replies":[{"embeddable":true,"href":"https:\/\/confluencedesdroits-larevue.com\/index.php?rest_route=%2Fwp%2Fv2%2Fcomments&post=129"}],"version-history":[{"count":17,"href":"https:\/\/confluencedesdroits-larevue.com\/index.php?rest_route=\/wp\/v2\/pages\/129\/revisions"}],"predecessor-version":[{"id":4060,"href":"https:\/\/confluencedesdroits-larevue.com\/index.php?rest_route=\/wp\/v2\/pages\/129\/revisions\/4060"}],"wp:attachment":[{"href":"https:\/\/confluencedesdroits-larevue.com\/index.php?rest_route=%2Fwp%2Fv2%2Fmedia&parent=129"}],"curies":[{"name":"wp","href":"https:\/\/api.w.org\/{rel}","templated":true}]}}